{"id":7,"date":"2022-05-13T10:28:38","date_gmt":"2022-05-13T08:28:38","guid":{"rendered":"http:\/\/ardakarasu.com\/home\/?page_id=7"},"modified":"2023-10-09T14:30:33","modified_gmt":"2023-10-09T12:30:33","slug":"das-neue-museum-oeffnet-seine-tueren-2","status":"publish","type":"page","link":"https:\/\/ardakarasu.com\/","title":{"rendered":"Zukunftsgestaltung mit Architektur &#038; Wissenschaft"},"content":{"rendered":"\n<p class=\"has-drop-cap\">Allein die Kombination der drei Aspekte Technologie, Zukunftsf\u00e4higkeit und Architektur, f\u00fchrt zu vielen Fragen. Anhand von Simulationen ist es m\u00f6glich, die Zukunftsf\u00e4higkeit eines Entwurfes zu \u00fcberpr\u00fcfen. Aber was bedeutet zukunftsf\u00e4hig \u00fcberhaupt? Die Definition richtet sich nach individuellen &#8230;&#8230; Die Nachhaltigkeit ist ein elementarer Teil von und da sind alle einig. Im Optimalfall w\u00fcrde am Ende des Lebenszyklus eines Geb\u00e4udes eine Null stehen.<\/p>\n\n\n\n<p class=\"has-drop-cap\">Klar gibt es H\u00fcrden bei der Umsetzung, die wir ArchitektInnen \u00fcberwinden m\u00fcssen. Hier ist die Technologie nicht die L\u00f6sung, sondern ein Teil der L\u00f6sung und sollte nicht um jeden Preis angewendet werden. Die Technologie soll keine vor\u00fcbergehenden Antworten geben, denn nur durchunser Handeln ver\u00e4ndern wir die Welt. Architektur ist nie beendet und muss sich ver\u00e4ndern k\u00f6nnen. Das gilt auch f\u00fcr die Technologie. Das Leben ist multidimensional und verlangt nach L\u00f6sungen, die dieser Komplexit\u00e4t gerecht werden\u2026<\/p>\n\n\n\n<div class=\"wp-block-columns alignwide is-layout-flex wp-container-core-columns-is-layout-9d6595d7 wp-block-columns-is-layout-flex\">\n<div class=\"wp-block-column is-layout-flow wp-block-column-is-layout-flow\">\n<div class=\"wp-block-group\"><div class=\"wp-block-group__inner-container is-layout-flow wp-block-group-is-layout-flow\">\n<figure class=\"wp-block-image alignfull size-large\"><img loading=\"lazy\" decoding=\"async\" width=\"1024\" height=\"490\" src=\"http:\/\/ardakarasu.com\/home\/wp-content\/uploads\/2023\/10\/Data-center-in-a-large-bright-room-2-1024x490.jpg\" alt=\"\" class=\"wp-image-392\" srcset=\"https:\/\/ardakarasu.com\/wp-content\/uploads\/2023\/10\/Data-center-in-a-large-bright-room-2-1024x490.jpg 1024w, https:\/\/ardakarasu.com\/wp-content\/uploads\/2023\/10\/Data-center-in-a-large-bright-room-2-300x143.jpg 300w, https:\/\/ardakarasu.com\/wp-content\/uploads\/2023\/10\/Data-center-in-a-large-bright-room-2-768x367.jpg 768w, https:\/\/ardakarasu.com\/wp-content\/uploads\/2023\/10\/Data-center-in-a-large-bright-room-2-1536x734.jpg 1536w, https:\/\/ardakarasu.com\/wp-content\/uploads\/2023\/10\/Data-center-in-a-large-bright-room-2-1200x574.jpg 1200w, https:\/\/ardakarasu.com\/wp-content\/uploads\/2023\/10\/Data-center-in-a-large-bright-room-2.jpg 1920w\" sizes=\"auto, (max-width: 1024px) 100vw, 1024px\" \/><\/figure>\n\n\n\n<h3 class=\"wp-block-heading\"><a href=\"http:\/\/ardakarasu.com\/home\/?page_id=361\">Neues und Innovatives<\/a><\/h3>\n\n\n\n<p>Aktuelle Nachrichten<\/p>\n<\/div><\/div>\n\n\n\n<div class=\"wp-block-group\"><div class=\"wp-block-group__inner-container is-layout-flow wp-block-group-is-layout-flow\">\n<figure class=\"wp-block-image alignfull size-full\"><a href=\"http:\/\/ardakarasu.com\/home\/?page_id=171\"><img loading=\"lazy\" decoding=\"async\" width=\"951\" height=\"713\" src=\"http:\/\/ardakarasu.com\/home\/wp-content\/uploads\/2022\/05\/DTkPNYYX4AA4CNE-edited.jpg\" alt=\"\" class=\"wp-image-133\" srcset=\"https:\/\/ardakarasu.com\/wp-content\/uploads\/2022\/05\/DTkPNYYX4AA4CNE-edited.jpg 951w, https:\/\/ardakarasu.com\/wp-content\/uploads\/2022\/05\/DTkPNYYX4AA4CNE-edited-300x225.jpg 300w, https:\/\/ardakarasu.com\/wp-content\/uploads\/2022\/05\/DTkPNYYX4AA4CNE-edited-768x576.jpg 768w\" sizes=\"auto, (max-width: 951px) 100vw, 951px\" \/><\/a><\/figure>\n\n\n\n<h3 class=\"wp-block-heading\"><a href=\"http:\/\/ardakarasu.com\/home\/?page_id=171\">Bauen mit Zukunft<\/a><\/h3>\n\n\n\n<p>Realisierte und geplante Bauten<\/p>\n<\/div><\/div>\n<\/div>\n\n\n\n<div class=\"wp-block-column is-layout-flow wp-block-column-is-layout-flow\">\n<div class=\"wp-block-group\"><div class=\"wp-block-group__inner-container is-layout-flow wp-block-group-is-layout-flow\">\n<figure class=\"wp-block-image alignfull size-full\"><a href=\"http:\/\/ardakarasu.com\/home\/?page_id=254\"><img loading=\"lazy\" decoding=\"async\" width=\"960\" height=\"640\" src=\"http:\/\/ardakarasu.com\/home\/wp-content\/uploads\/2022\/05\/ndemo-02.jpg\" alt=\"\" class=\"wp-image-134\" srcset=\"https:\/\/ardakarasu.com\/wp-content\/uploads\/2022\/05\/ndemo-02.jpg 960w, https:\/\/ardakarasu.com\/wp-content\/uploads\/2022\/05\/ndemo-02-300x200.jpg 300w, https:\/\/ardakarasu.com\/wp-content\/uploads\/2022\/05\/ndemo-02-768x512.jpg 768w\" sizes=\"auto, (max-width: 960px) 100vw, 960px\" \/><\/a><\/figure>\n\n\n\n<h3 class=\"wp-block-heading\"><a href=\"http:\/\/ardakarasu.com\/home\/?page_id=254\">Forschung und Entwicklung<\/a><\/h3>\n\n\n\n<p>Nationale und Internationale F&amp;E Projekte<\/p>\n<\/div><\/div>\n\n\n\n<figure class=\"wp-block-image size-large\"><a href=\"http:\/\/ardakarasu.com\/home\/?page_id=15\"><img loading=\"lazy\" decoding=\"async\" width=\"1024\" height=\"683\" src=\"http:\/\/ardakarasu.com\/home\/wp-content\/uploads\/2022\/08\/LEHRE-1024x683.jpg\" alt=\"\" class=\"wp-image-267\" srcset=\"https:\/\/ardakarasu.com\/wp-content\/uploads\/2022\/08\/LEHRE-1024x683.jpg 1024w, https:\/\/ardakarasu.com\/wp-content\/uploads\/2022\/08\/LEHRE-300x200.jpg 300w, https:\/\/ardakarasu.com\/wp-content\/uploads\/2022\/08\/LEHRE-768x512.jpg 768w, https:\/\/ardakarasu.com\/wp-content\/uploads\/2022\/08\/LEHRE-1536x1024.jpg 1536w, https:\/\/ardakarasu.com\/wp-content\/uploads\/2022\/08\/LEHRE-2048x1365.jpg 2048w, https:\/\/ardakarasu.com\/wp-content\/uploads\/2022\/08\/LEHRE-1200x800.jpg 1200w, https:\/\/ardakarasu.com\/wp-content\/uploads\/2022\/08\/LEHRE-1980x1320.jpg 1980w\" sizes=\"auto, (max-width: 1024px) 100vw, 1024px\" \/><\/a><\/figure>\n\n\n\n<div class=\"wp-block-group\"><div class=\"wp-block-group__inner-container is-layout-flow wp-block-group-is-layout-flow\">\n<h3 class=\"wp-block-heading\"><a href=\"http:\/\/ardakarasu.com\/home\/?page_id=15\">Wissenstransfer<\/a><\/h3>\n\n\n\n<p>Seminare, Studios, Vorlesungen<\/p>\n<\/div><\/div>\n<\/div>\n<\/div>\n\n\n\n<figure class=\"wp-block-image alignfull size-large\"><img loading=\"lazy\" decoding=\"async\" width=\"2560\" height=\"1599\" src=\"http:\/\/ardakarasu.com\/home\/wp-content\/uploads\/2022\/05\/IMG_20220426_145419-edited-scaled.jpg\" alt=\"\" class=\"wp-image-140\" srcset=\"https:\/\/ardakarasu.com\/wp-content\/uploads\/2022\/05\/IMG_20220426_145419-edited-scaled.jpg 2560w, https:\/\/ardakarasu.com\/wp-content\/uploads\/2022\/05\/IMG_20220426_145419-edited-300x187.jpg 300w, https:\/\/ardakarasu.com\/wp-content\/uploads\/2022\/05\/IMG_20220426_145419-edited-1024x640.jpg 1024w, https:\/\/ardakarasu.com\/wp-content\/uploads\/2022\/05\/IMG_20220426_145419-edited-768x480.jpg 768w, https:\/\/ardakarasu.com\/wp-content\/uploads\/2022\/05\/IMG_20220426_145419-edited-1536x960.jpg 1536w, https:\/\/ardakarasu.com\/wp-content\/uploads\/2022\/05\/IMG_20220426_145419-edited-2048x1279.jpg 2048w, https:\/\/ardakarasu.com\/wp-content\/uploads\/2022\/05\/IMG_20220426_145419-edited-1200x750.jpg 1200w, https:\/\/ardakarasu.com\/wp-content\/uploads\/2022\/05\/IMG_20220426_145419-edited-1980x1237.jpg 1980w\" sizes=\"auto, (max-width: 2560px) 100vw, 2560px\" \/><\/figure>\n\n\n\n<p><\/p>\n","protected":false},"excerpt":{"rendered":"<p>Allein die Kombination der drei Aspekte Technologie, Zukunftsf\u00e4higkeit und Architektur, f\u00fchrt zu vielen Fragen. Anhand von Simulationen ist es m\u00f6glich, die Zukunftsf\u00e4higkeit eines Entwurfes zu \u00fcberpr\u00fcfen. Aber was bedeutet zukunftsf\u00e4hig \u00fcberhaupt? Die Definition richtet sich nach individuellen &#8230;&#8230; Die Nachhaltigkeit ist ein elementarer Teil von und da sind alle einig. Im Optimalfall w\u00fcrde am Ende [&hellip;]<\/p>\n","protected":false},"author":1,"featured_media":0,"parent":0,"menu_order":0,"comment_status":"closed","ping_status":"closed","template":"","meta":{"footnotes":""},"class_list":["post-7","page","type-page","status-publish","hentry"],"_links":{"self":[{"href":"https:\/\/ardakarasu.com\/index.php?rest_route=\/wp\/v2\/pages\/7","targetHints":{"allow":["GET"]}}],"collection":[{"href":"https:\/\/ardakarasu.com\/index.php?rest_route=\/wp\/v2\/pages"}],"about":[{"href":"https:\/\/ardakarasu.com\/index.php?rest_route=\/wp\/v2\/types\/page"}],"author":[{"embeddable":true,"href":"https:\/\/ardakarasu.com\/index.php?rest_route=\/wp\/v2\/users\/1"}],"replies":[{"embeddable":true,"href":"https:\/\/ardakarasu.com\/index.php?rest_route=%2Fwp%2Fv2%2Fcomments&post=7"}],"version-history":[{"count":39,"href":"https:\/\/ardakarasu.com\/index.php?rest_route=\/wp\/v2\/pages\/7\/revisions"}],"predecessor-version":[{"id":401,"href":"https:\/\/ardakarasu.com\/index.php?rest_route=\/wp\/v2\/pages\/7\/revisions\/401"}],"wp:attachment":[{"href":"https:\/\/ardakarasu.com\/index.php?rest_route=%2Fwp%2Fv2%2Fmedia&parent=7"}],"curies":[{"name":"wp","href":"https:\/\/api.w.org\/{rel}","templated":true}]}}