{"id":63,"date":"2022-05-13T11:34:13","date_gmt":"2022-05-13T09:34:13","guid":{"rendered":"http:\/\/ardakarasu.com\/home\/?page_id=63"},"modified":"2022-08-05T19:12:30","modified_gmt":"2022-08-05T17:12:30","slug":"fakultaetsgebaeude","status":"publish","type":"page","link":"https:\/\/ardakarasu.com\/?page_id=63","title":{"rendered":"Fakult\u00e4tsgeb\u00e4ude"},"content":{"rendered":"\n<div class=\"wp-block-columns is-layout-flex wp-container-core-columns-is-layout-9d6595d7 wp-block-columns-is-layout-flex\">\n<div class=\"wp-block-column is-layout-flow wp-block-column-is-layout-flow\" style=\"flex-basis:33.33%\">\n<p><\/p>\n\n\n\n<p><strong>Bauherr:<\/strong> Mugla University<br><strong>Standort: <\/strong>T\u00fcrkei<br><strong>Architekt: <\/strong>Karasu, Dere<br>(LP1-9)<br><strong>Klimakonzept:<\/strong> Karasu<br><strong>NGF: <\/strong>6.041 m\u00b2<br><strong>Status:<\/strong> Gebaut , 2016<\/p>\n<\/div>\n\n\n\n<div class=\"wp-block-column is-layout-flow wp-block-column-is-layout-flow\" style=\"flex-basis:66.66%\">\n<figure class=\"wp-block-image size-full\"><img loading=\"lazy\" decoding=\"async\" width=\"951\" height=\"890\" src=\"http:\/\/ardakarasu.com\/home\/wp-content\/uploads\/2022\/05\/DTkPNYYX4AA4CNE-1.jpg\" alt=\"\" class=\"wp-image-196\" srcset=\"https:\/\/ardakarasu.com\/wp-content\/uploads\/2022\/05\/DTkPNYYX4AA4CNE-1.jpg 951w, https:\/\/ardakarasu.com\/wp-content\/uploads\/2022\/05\/DTkPNYYX4AA4CNE-1-300x281.jpg 300w, https:\/\/ardakarasu.com\/wp-content\/uploads\/2022\/05\/DTkPNYYX4AA4CNE-1-768x719.jpg 768w\" sizes=\"auto, (max-width: 951px) 100vw, 951px\" \/><\/figure>\n<\/div>\n<\/div>\n\n\n\n<p>Ein Klimakonzept mit Low-tech und High-tech Kombination<\/p>\n\n\n\n<ul class=\"wp-block-list\"><li>Passive solare Gewinne im Winter<\/li><li>Lehmwand f\u00fcr Feuchteregulierung<\/li><li>Lokale Verschattung<\/li><li>Hofstruktur f\u00fcr windgesch\u00fctzte R\u00e4ume<\/li><li>K\u00fchlung mit Solarthermie<\/li><\/ul>\n\n\n\n<figure class=\"wp-block-image size-large\"><img loading=\"lazy\" decoding=\"async\" width=\"1024\" height=\"713\" src=\"http:\/\/ardakarasu.com\/home\/wp-content\/uploads\/2022\/05\/fakultaet-edited-1024x713.png\" alt=\"\" class=\"wp-image-179\" srcset=\"https:\/\/ardakarasu.com\/wp-content\/uploads\/2022\/05\/fakultaet-edited-1024x713.png 1024w, https:\/\/ardakarasu.com\/wp-content\/uploads\/2022\/05\/fakultaet-edited-300x209.png 300w, https:\/\/ardakarasu.com\/wp-content\/uploads\/2022\/05\/fakultaet-edited-768x534.png 768w, https:\/\/ardakarasu.com\/wp-content\/uploads\/2022\/05\/fakultaet-edited.png 1059w\" sizes=\"auto, (max-width: 1024px) 100vw, 1024px\" \/><\/figure>\n\n\n\n<figure class=\"wp-block-image size-large\"><img loading=\"lazy\" decoding=\"async\" width=\"1024\" height=\"598\" src=\"http:\/\/ardakarasu.com\/home\/wp-content\/uploads\/2022\/08\/31326560_826471590875287_2508162335659524096_n-01-1024x598.jpeg\" alt=\"\" class=\"wp-image-292\" srcset=\"https:\/\/ardakarasu.com\/wp-content\/uploads\/2022\/08\/31326560_826471590875287_2508162335659524096_n-01-1024x598.jpeg 1024w, https:\/\/ardakarasu.com\/wp-content\/uploads\/2022\/08\/31326560_826471590875287_2508162335659524096_n-01-300x175.jpeg 300w, https:\/\/ardakarasu.com\/wp-content\/uploads\/2022\/08\/31326560_826471590875287_2508162335659524096_n-01-768x449.jpeg 768w, https:\/\/ardakarasu.com\/wp-content\/uploads\/2022\/08\/31326560_826471590875287_2508162335659524096_n-01.jpeg 1080w\" sizes=\"auto, (max-width: 1024px) 100vw, 1024px\" \/><\/figure>\n","protected":false},"excerpt":{"rendered":"<p>Bauherr: Mugla UniversityStandort: T\u00fcrkeiArchitekt: Karasu, Dere(LP1-9)Klimakonzept: KarasuNGF: 6.041 m\u00b2Status: Gebaut , 2016 Ein Klimakonzept mit Low-tech und High-tech Kombination Passive solare Gewinne im Winter Lehmwand f\u00fcr Feuchteregulierung Lokale Verschattung Hofstruktur f\u00fcr windgesch\u00fctzte R\u00e4ume K\u00fchlung mit Solarthermie<\/p>\n","protected":false},"author":1,"featured_media":0,"parent":0,"menu_order":0,"comment_status":"closed","ping_status":"closed","template":"","meta":{"footnotes":""},"class_list":["post-63","page","type-page","status-publish","hentry"],"_links":{"self":[{"href":"https:\/\/ardakarasu.com\/index.php?rest_route=\/wp\/v2\/pages\/63","targetHints":{"allow":["GET"]}}],"collection":[{"href":"https:\/\/ardakarasu.com\/index.php?rest_route=\/wp\/v2\/pages"}],"about":[{"href":"https:\/\/ardakarasu.com\/index.php?rest_route=\/wp\/v2\/types\/page"}],"author":[{"embeddable":true,"href":"https:\/\/ardakarasu.com\/index.php?rest_route=\/wp\/v2\/users\/1"}],"replies":[{"embeddable":true,"href":"https:\/\/ardakarasu.com\/index.php?rest_route=%2Fwp%2Fv2%2Fcomments&post=63"}],"version-history":[{"count":5,"href":"https:\/\/ardakarasu.com\/index.php?rest_route=\/wp\/v2\/pages\/63\/revisions"}],"predecessor-version":[{"id":293,"href":"https:\/\/ardakarasu.com\/index.php?rest_route=\/wp\/v2\/pages\/63\/revisions\/293"}],"wp:attachment":[{"href":"https:\/\/ardakarasu.com\/index.php?rest_route=%2Fwp%2Fv2%2Fmedia&parent=63"}],"curies":[{"name":"wp","href":"https:\/\/api.w.org\/{rel}","templated":true}]}}