{"id":61,"date":"2022-05-13T11:34:13","date_gmt":"2022-05-13T09:34:13","guid":{"rendered":"http:\/\/ardakarasu.com\/home\/?page_id=61"},"modified":"2024-06-13T11:53:23","modified_gmt":"2024-06-13T09:53:23","slug":"sustainable-design","status":"publish","type":"page","link":"https:\/\/ardakarasu.com\/?page_id=61","title":{"rendered":"Sustainable Design"},"content":{"rendered":"\n<div class=\"wp-block-columns is-layout-flex wp-container-core-columns-is-layout-9d6595d7 wp-block-columns-is-layout-flex\">\n<div class=\"wp-block-column is-layout-flow wp-block-column-is-layout-flow\" style=\"flex-basis:33.33%\">\n<p>Art der Lehrveranstaltung: Seminar<br>SWS \/ LP (nach ECTS): 4\/6<br>Pr\u00fcfungsleistung: Pr\u00e4sentation und Klauser<br>FH BAU International Berlin, WiSe 2014-15, Bachelor<\/p>\n<\/div>\n\n\n\n<div class=\"wp-block-column is-layout-flow wp-block-column-is-layout-flow\" style=\"flex-basis:66.66%\">\n<p>This course aims to develop students towards sustainability issues at any level of design, respectively, architecture, interior architecture and product design. Sustainability is simply a balance management<br>between social, environmental and ecological requirements. The lectures focus on design dilemmas between these requirements and will be a discussion and application intensive experience, combining<br>design at any level. <\/p>\n\n\n\n<p>Outcomes<\/p>\n\n\n\n<ul class=\"wp-block-list\">\n<li>Understanding the issues and opportunities related to sustainable design<\/li>\n\n\n\n<li>Developing a working knowledge of basic theories, methodological tools and on practical examples of sustainable design<\/li>\n\n\n\n<li>Understanding the application of sustainable design logic to the cases<\/li>\n<\/ul>\n\n\n\n<p>Stichw\u00f6rter:<br>\u00d6kologische H\u00fcllen, Luftqualit\u00e4t, LCA, \u00d6kologische Baumaterialien<\/p>\n<\/div>\n<\/div>\n\n\n\n<figure class=\"wp-block-image size-full is-resized\"><img loading=\"lazy\" decoding=\"async\" width=\"466\" height=\"162\" src=\"http:\/\/ardakarasu.com\/home\/wp-content\/uploads\/2024\/06\/sust-design.jpg\" alt=\"\" class=\"wp-image-441\" style=\"width:610px;height:auto\" srcset=\"https:\/\/ardakarasu.com\/wp-content\/uploads\/2024\/06\/sust-design.jpg 466w, https:\/\/ardakarasu.com\/wp-content\/uploads\/2024\/06\/sust-design-300x104.jpg 300w\" sizes=\"auto, (max-width: 466px) 100vw, 466px\" \/><\/figure>\n","protected":false},"excerpt":{"rendered":"<p>Art der Lehrveranstaltung: SeminarSWS \/ LP (nach ECTS): 4\/6Pr\u00fcfungsleistung: Pr\u00e4sentation und KlauserFH BAU International Berlin, WiSe 2014-15, Bachelor This course aims to develop students towards sustainability issues at any level of design, respectively, architecture, interior architecture and product design. Sustainability is simply a balance managementbetween social, environmental and ecological requirements. The lectures focus on design [&hellip;]<\/p>\n","protected":false},"author":1,"featured_media":0,"parent":0,"menu_order":0,"comment_status":"closed","ping_status":"closed","template":"","meta":{"footnotes":""},"class_list":["post-61","page","type-page","status-publish","hentry"],"_links":{"self":[{"href":"https:\/\/ardakarasu.com\/index.php?rest_route=\/wp\/v2\/pages\/61","targetHints":{"allow":["GET"]}}],"collection":[{"href":"https:\/\/ardakarasu.com\/index.php?rest_route=\/wp\/v2\/pages"}],"about":[{"href":"https:\/\/ardakarasu.com\/index.php?rest_route=\/wp\/v2\/types\/page"}],"author":[{"embeddable":true,"href":"https:\/\/ardakarasu.com\/index.php?rest_route=\/wp\/v2\/users\/1"}],"replies":[{"embeddable":true,"href":"https:\/\/ardakarasu.com\/index.php?rest_route=%2Fwp%2Fv2%2Fcomments&post=61"}],"version-history":[{"count":4,"href":"https:\/\/ardakarasu.com\/index.php?rest_route=\/wp\/v2\/pages\/61\/revisions"}],"predecessor-version":[{"id":442,"href":"https:\/\/ardakarasu.com\/index.php?rest_route=\/wp\/v2\/pages\/61\/revisions\/442"}],"wp:attachment":[{"href":"https:\/\/ardakarasu.com\/index.php?rest_route=%2Fwp%2Fv2%2Fmedia&parent=61"}],"curies":[{"name":"wp","href":"https:\/\/api.w.org\/{rel}","templated":true}]}}