{"id":59,"date":"2022-05-13T11:34:13","date_gmt":"2022-05-13T09:34:13","guid":{"rendered":"http:\/\/ardakarasu.com\/home\/?page_id=59"},"modified":"2024-06-13T11:38:30","modified_gmt":"2024-06-13T09:38:30","slug":"passive-regulation","status":"publish","type":"page","link":"https:\/\/ardakarasu.com\/?page_id=59","title":{"rendered":"Passive Regulation"},"content":{"rendered":"\n<div class=\"wp-block-columns is-layout-flex wp-container-core-columns-is-layout-9d6595d7 wp-block-columns-is-layout-flex\">\n<div class=\"wp-block-column is-layout-flow wp-block-column-is-layout-flow\" style=\"flex-basis:33.33%\">\n<p>Modul: Arch M WP HA(6) GTE.05<br>Art der Lehrveranstaltung: PIV<br>SWS \/ LP (nach ECTS): 4\/6<br>Pr\u00fcfungsleistung: Simulationen, Mappe<br>TU Berlin WiSe 2014-15, Master<\/p>\n<\/div>\n\n\n\n<div class=\"wp-block-column is-layout-flow wp-block-column-is-layout-flow\" style=\"flex-basis:66.66%\">\n<p>Passive Regulation \u2013 ein Paradoxon. Wie kann etwas passiv regulieren?<br>Die energetische Performance von Geb\u00e4uden l\u00e4sst sich unterteilen in die Wirksamkeit aktiver technischer Systeme und in die dem Geb\u00e4ude zu Grunde liegenden bauphysikalischen Eigenschaften. Der<br>Begriff beschreibt das Potenzial von Bauk\u00f6rpern, in Wechselwirkung mit spezifischen klimatischen Bedingungen, den Innenraumkomfort zu regulieren. Die Integration dieses Potenzials in den architektonischen Entwurf bildet die Grundlage f\u00fcr den angemessenen Einsatz von aktiv regulierender Geb\u00e4udetechnik. Als wesentliche, passiv regulierende Parameter sind Formation, Baukonstruktion und Perforation zu nennen. Die Wirkung dieser Parameter wurde im Verlauf des Seminars am eigenen Entwurf \u00fcberpr\u00fcft und durch begleitende Analysen und Leseaufgaben studiert.<br><\/p>\n\n\n\n<p>Stichw\u00f6rter:<br>Simulation, CO2, Verschattung, Fassade, Tageslicht, Energieeffizienz, Klimagerechtes Bauen, Parametrisches Design<\/p>\n<\/div>\n<\/div>\n\n\n\n<figure class=\"wp-block-image size-large\"><img loading=\"lazy\" decoding=\"async\" width=\"1024\" height=\"768\" src=\"http:\/\/ardakarasu.com\/home\/wp-content\/uploads\/2022\/08\/IMG_1521-1024x768.jpg\" alt=\"\" class=\"wp-image-338\" srcset=\"https:\/\/ardakarasu.com\/wp-content\/uploads\/2022\/08\/IMG_1521-1024x768.jpg 1024w, https:\/\/ardakarasu.com\/wp-content\/uploads\/2022\/08\/IMG_1521-300x225.jpg 300w, https:\/\/ardakarasu.com\/wp-content\/uploads\/2022\/08\/IMG_1521-768x576.jpg 768w, https:\/\/ardakarasu.com\/wp-content\/uploads\/2022\/08\/IMG_1521-1536x1152.jpg 1536w, https:\/\/ardakarasu.com\/wp-content\/uploads\/2022\/08\/IMG_1521-2048x1536.jpg 2048w, https:\/\/ardakarasu.com\/wp-content\/uploads\/2022\/08\/IMG_1521-1200x900.jpg 1200w, https:\/\/ardakarasu.com\/wp-content\/uploads\/2022\/08\/IMG_1521-1980x1485.jpg 1980w\" sizes=\"auto, (max-width: 1024px) 100vw, 1024px\" \/><\/figure>\n","protected":false},"excerpt":{"rendered":"<p>Modul: Arch M WP HA(6) GTE.05Art der Lehrveranstaltung: PIVSWS \/ LP (nach ECTS): 4\/6Pr\u00fcfungsleistung: Simulationen, MappeTU Berlin WiSe 2014-15, Master Passive Regulation \u2013 ein Paradoxon. Wie kann etwas passiv regulieren?Die energetische Performance von Geb\u00e4uden l\u00e4sst sich unterteilen in die Wirksamkeit aktiver technischer Systeme und in die dem Geb\u00e4ude zu Grunde liegenden bauphysikalischen Eigenschaften. DerBegriff beschreibt [&hellip;]<\/p>\n","protected":false},"author":1,"featured_media":0,"parent":0,"menu_order":0,"comment_status":"closed","ping_status":"closed","template":"","meta":{"footnotes":""},"class_list":["post-59","page","type-page","status-publish","hentry"],"_links":{"self":[{"href":"https:\/\/ardakarasu.com\/index.php?rest_route=\/wp\/v2\/pages\/59","targetHints":{"allow":["GET"]}}],"collection":[{"href":"https:\/\/ardakarasu.com\/index.php?rest_route=\/wp\/v2\/pages"}],"about":[{"href":"https:\/\/ardakarasu.com\/index.php?rest_route=\/wp\/v2\/types\/page"}],"author":[{"embeddable":true,"href":"https:\/\/ardakarasu.com\/index.php?rest_route=\/wp\/v2\/users\/1"}],"replies":[{"embeddable":true,"href":"https:\/\/ardakarasu.com\/index.php?rest_route=%2Fwp%2Fv2%2Fcomments&post=59"}],"version-history":[{"count":3,"href":"https:\/\/ardakarasu.com\/index.php?rest_route=\/wp\/v2\/pages\/59\/revisions"}],"predecessor-version":[{"id":433,"href":"https:\/\/ardakarasu.com\/index.php?rest_route=\/wp\/v2\/pages\/59\/revisions\/433"}],"wp:attachment":[{"href":"https:\/\/ardakarasu.com\/index.php?rest_route=%2Fwp%2Fv2%2Fmedia&parent=59"}],"curies":[{"name":"wp","href":"https:\/\/api.w.org\/{rel}","templated":true}]}}