{"id":58,"date":"2022-05-13T11:34:13","date_gmt":"2022-05-13T09:34:13","guid":{"rendered":"http:\/\/ardakarasu.com\/home\/?page_id=58"},"modified":"2024-06-13T11:45:16","modified_gmt":"2024-06-13T09:45:16","slug":"environmental-control","status":"publish","type":"page","link":"https:\/\/ardakarasu.com\/?page_id=58","title":{"rendered":"Environmental Control Systems and Studio"},"content":{"rendered":"\n<div class=\"wp-block-columns is-layout-flex wp-container-core-columns-is-layout-9d6595d7 wp-block-columns-is-layout-flex\">\n<div class=\"wp-block-column is-layout-flow wp-block-column-is-layout-flow\" style=\"flex-basis:33.33%\">\n<p>Art der Veranstaltung: Seminar<br>SWS \/ LP (nach ECTS): 4\/6<br>Pr\u00fcfungsleistung: Pr\u00e4sentation und Klausur<br>FH BAU International Berlin, SoSe 2014 and 2015, Bachelor<\/p>\n\n\n\n<p>Modul : 2202 Construction and Technique for Interior Design IV<br>Art der Lehrverarnstaltung : Seminar<br>SWS \/ LP (nach ECTS): 8 \/ 6<br>Pr\u00fcfungsleistung : Pr\u00e4sentation, Klausur<br>FH Bau International Berlin, SoSe 2016, Bachelor<br>(zusammen mit Prof. Javier Martin)<\/p>\n<\/div>\n\n\n\n<div class=\"wp-block-column is-layout-flow wp-block-column-is-layout-flow\" style=\"flex-basis:66.66%\">\n<p>This course introduces environmental control systems (ECS) and (ECP) principles in order to supply energy-efficient and thermally comfortable architecture. ECS are interactions between the building and the environmental forces that are strongly influence the life-comfort of the inhabitants. <\/p>\n\n\n\n<p>ECP are addressing how to deal against environmental forces or use them for own benefit. In summary, ECS are the implementation methods of ECP.<\/p>\n\n\n\n<p>Stichw\u00f6rter:<br>Licht, Heizung, K\u00fchlung, Bel\u00fcftug, Akustik<\/p>\n<\/div>\n<\/div>\n\n\n\n<figure class=\"wp-block-image size-full\"><img loading=\"lazy\" decoding=\"async\" width=\"750\" height=\"488\" src=\"http:\/\/ardakarasu.com\/home\/wp-content\/uploads\/2024\/06\/klima-klein.jpg\" alt=\"\" class=\"wp-image-437\" srcset=\"https:\/\/ardakarasu.com\/wp-content\/uploads\/2024\/06\/klima-klein.jpg 750w, https:\/\/ardakarasu.com\/wp-content\/uploads\/2024\/06\/klima-klein-300x195.jpg 300w\" sizes=\"auto, (max-width: 750px) 100vw, 750px\" \/><\/figure>\n","protected":false},"excerpt":{"rendered":"<p>Art der Veranstaltung: SeminarSWS \/ LP (nach ECTS): 4\/6Pr\u00fcfungsleistung: Pr\u00e4sentation und KlausurFH BAU International Berlin, SoSe 2014 and 2015, Bachelor Modul : 2202 Construction and Technique for Interior Design IVArt der Lehrverarnstaltung : SeminarSWS \/ LP (nach ECTS): 8 \/ 6Pr\u00fcfungsleistung : Pr\u00e4sentation, KlausurFH Bau International Berlin, SoSe 2016, Bachelor(zusammen mit Prof. Javier Martin) This [&hellip;]<\/p>\n","protected":false},"author":1,"featured_media":0,"parent":0,"menu_order":0,"comment_status":"closed","ping_status":"closed","template":"","meta":{"footnotes":""},"class_list":["post-58","page","type-page","status-publish","hentry"],"_links":{"self":[{"href":"https:\/\/ardakarasu.com\/index.php?rest_route=\/wp\/v2\/pages\/58","targetHints":{"allow":["GET"]}}],"collection":[{"href":"https:\/\/ardakarasu.com\/index.php?rest_route=\/wp\/v2\/pages"}],"about":[{"href":"https:\/\/ardakarasu.com\/index.php?rest_route=\/wp\/v2\/types\/page"}],"author":[{"embeddable":true,"href":"https:\/\/ardakarasu.com\/index.php?rest_route=\/wp\/v2\/users\/1"}],"replies":[{"embeddable":true,"href":"https:\/\/ardakarasu.com\/index.php?rest_route=%2Fwp%2Fv2%2Fcomments&post=58"}],"version-history":[{"count":4,"href":"https:\/\/ardakarasu.com\/index.php?rest_route=\/wp\/v2\/pages\/58\/revisions"}],"predecessor-version":[{"id":438,"href":"https:\/\/ardakarasu.com\/index.php?rest_route=\/wp\/v2\/pages\/58\/revisions\/438"}],"wp:attachment":[{"href":"https:\/\/ardakarasu.com\/index.php?rest_route=%2Fwp%2Fv2%2Fmedia&parent=58"}],"curies":[{"name":"wp","href":"https:\/\/api.w.org\/{rel}","templated":true}]}}