{"id":57,"date":"2022-05-13T11:34:13","date_gmt":"2022-05-13T09:34:13","guid":{"rendered":"http:\/\/ardakarasu.com\/home\/?page_id=57"},"modified":"2024-06-13T11:37:43","modified_gmt":"2024-06-13T09:37:43","slug":"vorlesung","status":"publish","type":"page","link":"https:\/\/ardakarasu.com\/?page_id=57","title":{"rendered":"Vorlesung"},"content":{"rendered":"\n<div class=\"wp-block-columns is-layout-flex wp-container-core-columns-is-layout-9d6595d7 wp-block-columns-is-layout-flex\">\n<div class=\"wp-block-column is-layout-flow wp-block-column-is-layout-flow\" style=\"flex-basis:33.33%\">\n<p>Betreuung vom Teil \u201eLebenszyklusplanung\u201c<br>Modul: Arch M E. 01\/02 Entwurfsprojekt Hochbau I\/I<br>Art der Veranstaltung: Pflichtveranstaltung, Vorlesung<br>SWS \/ LP (nach ECTS): 4\/6<br>Pr\u00fcfungsleistung: Mappe<br>TU Berlin, WiSe 2014, Master<\/p>\n<\/div>\n\n\n\n<div class=\"wp-block-column is-layout-flow wp-block-column-is-layout-flow\" style=\"flex-basis:66.66%\">\n<p><strong>Strategien f\u00fcr Nachhaltiges Planen und Bauen<\/strong><\/p>\n\n\n\n<p>Der Begriff der Nachhaltigkeit wird im Bausektor heute oft inflation\u00e4r genutzt. Das Pflichtmodul versucht sich vor diesem Hintergrund an einer zeitgem\u00e4\u00dfen Definition dieses Begriffes und identifiziert darauf aufbauend Strategien f\u00fcr den Entwurf, die Errichtung, den Betrieb und Unterhalt sowie den R\u00fcckbau von Geb\u00e4uden und Siedlungsstrukturen. In einem Vorlesungsteil wird erworbenes Wissen aus verschiedenen Themenfeldern des nachhaltigen Bauens in thematisch verkn\u00fcpften \u00dcbungen zur Anwendung gebrach<\/p>\n\n\n\n<p>Stichw\u00f6rter:<br>Lebenszyklus, CO2, \u00d6kologie, Geb\u00e4udezertifizierung, Nachhaltigkeit<\/p>\n<\/div>\n<\/div>\n\n\n\n<figure class=\"wp-block-image size-full\"><img loading=\"lazy\" decoding=\"async\" width=\"750\" height=\"488\" src=\"http:\/\/ardakarasu.com\/home\/wp-content\/uploads\/2024\/06\/lebenszyklus.jpg\" alt=\"\" class=\"wp-image-429\" srcset=\"https:\/\/ardakarasu.com\/wp-content\/uploads\/2024\/06\/lebenszyklus.jpg 750w, https:\/\/ardakarasu.com\/wp-content\/uploads\/2024\/06\/lebenszyklus-300x195.jpg 300w\" sizes=\"auto, (max-width: 750px) 100vw, 750px\" \/><\/figure>\n","protected":false},"excerpt":{"rendered":"<p>Betreuung vom Teil \u201eLebenszyklusplanung\u201cModul: Arch M E. 01\/02 Entwurfsprojekt Hochbau I\/IArt der Veranstaltung: Pflichtveranstaltung, VorlesungSWS \/ LP (nach ECTS): 4\/6Pr\u00fcfungsleistung: MappeTU Berlin, WiSe 2014, Master Strategien f\u00fcr Nachhaltiges Planen und Bauen Der Begriff der Nachhaltigkeit wird im Bausektor heute oft inflation\u00e4r genutzt. Das Pflichtmodul versucht sich vor diesem Hintergrund an einer zeitgem\u00e4\u00dfen Definition dieses Begriffes [&hellip;]<\/p>\n","protected":false},"author":1,"featured_media":0,"parent":0,"menu_order":0,"comment_status":"closed","ping_status":"closed","template":"","meta":{"footnotes":""},"class_list":["post-57","page","type-page","status-publish","hentry"],"_links":{"self":[{"href":"https:\/\/ardakarasu.com\/index.php?rest_route=\/wp\/v2\/pages\/57","targetHints":{"allow":["GET"]}}],"collection":[{"href":"https:\/\/ardakarasu.com\/index.php?rest_route=\/wp\/v2\/pages"}],"about":[{"href":"https:\/\/ardakarasu.com\/index.php?rest_route=\/wp\/v2\/types\/page"}],"author":[{"embeddable":true,"href":"https:\/\/ardakarasu.com\/index.php?rest_route=\/wp\/v2\/users\/1"}],"replies":[{"embeddable":true,"href":"https:\/\/ardakarasu.com\/index.php?rest_route=%2Fwp%2Fv2%2Fcomments&post=57"}],"version-history":[{"count":4,"href":"https:\/\/ardakarasu.com\/index.php?rest_route=\/wp\/v2\/pages\/57\/revisions"}],"predecessor-version":[{"id":432,"href":"https:\/\/ardakarasu.com\/index.php?rest_route=\/wp\/v2\/pages\/57\/revisions\/432"}],"wp:attachment":[{"href":"https:\/\/ardakarasu.com\/index.php?rest_route=%2Fwp%2Fv2%2Fmedia&parent=57"}],"curies":[{"name":"wp","href":"https:\/\/api.w.org\/{rel}","templated":true}]}}