{"id":53,"date":"2022-05-13T11:34:13","date_gmt":"2022-05-13T09:34:13","guid":{"rendered":"http:\/\/ardakarasu.com\/home\/?page_id=53"},"modified":"2022-08-05T20:24:49","modified_gmt":"2022-08-05T18:24:49","slug":"n-demo-2","status":"publish","type":"page","link":"https:\/\/ardakarasu.com\/?page_id=53","title":{"rendered":"N-DEMO"},"content":{"rendered":"\n<div class=\"wp-block-columns is-layout-flex wp-container-core-columns-is-layout-9d6595d7 wp-block-columns-is-layout-flex\">\n<div class=\"wp-block-column is-layout-flow wp-block-column-is-layout-flow\" style=\"flex-basis:33.33%\">\n<p><\/p>\n\n\n\n<p><strong>2012-14<\/strong><br>Neighbourhood<br>Demonstrators<\/p>\n\n\n\n<p><strong>Aufgaben:<\/strong> Akustik,<br>Feuchteregulierung,<br>Energieeffizienz<br><strong>F\u00f6rdergeber:<\/strong> EU Climate-KIC<br><strong>F\u00f6rdersumme:<\/strong> 400 Tsd. \u20ac<\/p>\n<\/div>\n\n\n\n<div class=\"wp-block-column is-layout-flow wp-block-column-is-layout-flow\" style=\"flex-basis:66.66%\">\n<figure class=\"wp-block-image size-large\"><img loading=\"lazy\" decoding=\"async\" width=\"1024\" height=\"680\" src=\"http:\/\/ardakarasu.com\/home\/wp-content\/uploads\/2022\/08\/DSC_0052-1024x680.jpg\" alt=\"\" class=\"wp-image-283\" srcset=\"https:\/\/ardakarasu.com\/wp-content\/uploads\/2022\/08\/DSC_0052-1024x680.jpg 1024w, https:\/\/ardakarasu.com\/wp-content\/uploads\/2022\/08\/DSC_0052-300x199.jpg 300w, https:\/\/ardakarasu.com\/wp-content\/uploads\/2022\/08\/DSC_0052-768x510.jpg 768w, https:\/\/ardakarasu.com\/wp-content\/uploads\/2022\/08\/DSC_0052-1536x1020.jpg 1536w, https:\/\/ardakarasu.com\/wp-content\/uploads\/2022\/08\/DSC_0052-2048x1360.jpg 2048w, https:\/\/ardakarasu.com\/wp-content\/uploads\/2022\/08\/DSC_0052-1200x797.jpg 1200w, https:\/\/ardakarasu.com\/wp-content\/uploads\/2022\/08\/DSC_0052-1980x1315.jpg 1980w\" sizes=\"auto, (max-width: 1024px) 100vw, 1024px\" \/><\/figure>\n<\/div>\n<\/div>\n\n\n\n<p>L\u00e4rmschutz:<br>In den meisten innerst\u00e4dtischen Orten leiden die Einwohner unter<br>exzessivem L\u00e4rm. Der Verkehr auf Schiene und Stra\u00dfe sowie in der Luft ist die Quelle extrinsischer Schlafst\u00f6rungen, die von M\u00fcdigkeit, Fehlkonzentration bis hin zu schweren Herzproblemen f\u00fchren k\u00f6nnen. Eine Klimah\u00fclle als Au\u00dfenschicht k\u00f6nnte den L\u00e4rm deutlich reduzieren. Der Ausgangspunkt dabei ist die kontrollierte Bel\u00fcftung, die nicht nur hygenische Luftbedingungen im Geb\u00e4ude erm\u00f6glicht, sondern dabei den L\u00e4rmfaktor der unkontrollierten Bel\u00fcftung beseitigt.<br>Zus\u00e4tzlicher Lebensraum:<br>Das Geb\u00e4ude gewinnt durch die Klimah\u00fclle einen zus\u00e4tzlichen<br>Raum, der unterschiedlichen Zwecken dienen kann. Der Unterschied zwischen einem konventionellen Wintergarten und einer Klimah\u00fclle ist die regulierte Luftzirkulation und Luftfeuchte, die die Nutzungsperiode verl\u00e4ngert und andere Nutzungsarten als den Aufenthalt erm\u00f6glicht. Ein Beispiel daf\u00fcr w\u00e4ren \u201eDachgew\u00e4chsh\u00e4user mit urban farming\u201c, wobei die Nutzer des Geb\u00e4udes einen Garten innerhalb der Klimah\u00fclle betreiben k\u00f6nnen.<br><strong>Schlagw\u00f6rter:<\/strong><br>Energieeffizienz, L\u00e4rmschutz, CO2 Minderung, Feuchte- und W\u00e4rmeregulierung<\/p>\n","protected":false},"excerpt":{"rendered":"<p>2012-14NeighbourhoodDemonstrators Aufgaben: Akustik,Feuchteregulierung,EnergieeffizienzF\u00f6rdergeber: EU Climate-KICF\u00f6rdersumme: 400 Tsd. \u20ac L\u00e4rmschutz:In den meisten innerst\u00e4dtischen Orten leiden die Einwohner unterexzessivem L\u00e4rm. Der Verkehr auf Schiene und Stra\u00dfe sowie in der Luft ist die Quelle extrinsischer Schlafst\u00f6rungen, die von M\u00fcdigkeit, Fehlkonzentration bis hin zu schweren Herzproblemen f\u00fchren k\u00f6nnen. Eine Klimah\u00fclle als Au\u00dfenschicht k\u00f6nnte den L\u00e4rm deutlich reduzieren. Der Ausgangspunkt [&hellip;]<\/p>\n","protected":false},"author":1,"featured_media":0,"parent":0,"menu_order":0,"comment_status":"closed","ping_status":"closed","template":"","meta":{"footnotes":""},"class_list":["post-53","page","type-page","status-publish","hentry"],"_links":{"self":[{"href":"https:\/\/ardakarasu.com\/index.php?rest_route=\/wp\/v2\/pages\/53","targetHints":{"allow":["GET"]}}],"collection":[{"href":"https:\/\/ardakarasu.com\/index.php?rest_route=\/wp\/v2\/pages"}],"about":[{"href":"https:\/\/ardakarasu.com\/index.php?rest_route=\/wp\/v2\/types\/page"}],"author":[{"embeddable":true,"href":"https:\/\/ardakarasu.com\/index.php?rest_route=\/wp\/v2\/users\/1"}],"replies":[{"embeddable":true,"href":"https:\/\/ardakarasu.com\/index.php?rest_route=%2Fwp%2Fv2%2Fcomments&post=53"}],"version-history":[{"count":3,"href":"https:\/\/ardakarasu.com\/index.php?rest_route=\/wp\/v2\/pages\/53\/revisions"}],"predecessor-version":[{"id":324,"href":"https:\/\/ardakarasu.com\/index.php?rest_route=\/wp\/v2\/pages\/53\/revisions\/324"}],"wp:attachment":[{"href":"https:\/\/ardakarasu.com\/index.php?rest_route=%2Fwp%2Fv2%2Fmedia&parent=53"}],"curies":[{"name":"wp","href":"https:\/\/api.w.org\/{rel}","templated":true}]}}