{"id":52,"date":"2022-05-13T11:34:13","date_gmt":"2022-05-13T09:34:13","guid":{"rendered":"http:\/\/ardakarasu.com\/home\/?page_id=52"},"modified":"2022-08-05T20:21:11","modified_gmt":"2022-08-05T18:21:11","slug":"hcbc-i-2","status":"publish","type":"page","link":"https:\/\/ardakarasu.com\/?page_id=52","title":{"rendered":"Energiemasterplan HCBC"},"content":{"rendered":"\n<div class=\"wp-block-columns is-layout-flex wp-container-core-columns-is-layout-9d6595d7 wp-block-columns-is-layout-flex\">\n<div class=\"wp-block-column is-layout-flow wp-block-column-is-layout-flow\" style=\"flex-basis:33.33%\">\n<p><\/p>\n\n\n\n<p><strong>2016-2018<\/strong><br>Hochschulcampus Berlin Charlottenburg<br>HCBC: Konzeptphase<\/p>\n\n\n\n<p><strong>Aufgaben: <\/strong>Tool-Entwicklung,<br>Simulation, Energieanalyse<\/p>\n\n\n\n<p><strong>F\u00f6rdergeber:<\/strong> BMWI<br><strong>F\u00f6rdersumme:<\/strong> 1 Mio. \u20ac<\/p>\n<\/div>\n\n\n\n<div class=\"wp-block-column is-layout-flow wp-block-column-is-layout-flow\" style=\"flex-basis:66.66%\">\n<figure class=\"wp-block-image size-large\"><img loading=\"lazy\" decoding=\"async\" width=\"1024\" height=\"560\" src=\"http:\/\/ardakarasu.com\/home\/wp-content\/uploads\/2022\/08\/HCBC-Campus-3-1024x560.jpg\" alt=\"\" class=\"wp-image-282\" srcset=\"https:\/\/ardakarasu.com\/wp-content\/uploads\/2022\/08\/HCBC-Campus-3-1024x560.jpg 1024w, https:\/\/ardakarasu.com\/wp-content\/uploads\/2022\/08\/HCBC-Campus-3-300x164.jpg 300w, https:\/\/ardakarasu.com\/wp-content\/uploads\/2022\/08\/HCBC-Campus-3-768x420.jpg 768w, https:\/\/ardakarasu.com\/wp-content\/uploads\/2022\/08\/HCBC-Campus-3-1536x840.jpg 1536w, https:\/\/ardakarasu.com\/wp-content\/uploads\/2022\/08\/HCBC-Campus-3-1200x656.jpg 1200w, https:\/\/ardakarasu.com\/wp-content\/uploads\/2022\/08\/HCBC-Campus-3-1980x1083.jpg 1980w, https:\/\/ardakarasu.com\/wp-content\/uploads\/2022\/08\/HCBC-Campus-3.jpg 2000w\" sizes=\"auto, (max-width: 1024px) 100vw, 1024px\" \/><\/figure>\n<\/div>\n<\/div>\n\n\n\n<p>Energiewende Berlin: Die TU Berlin und die UdK Berlin haben ein<br>Pilotprojekt zur energetischen Sanierung des Hochschulcampus<br>Berlin Charlottenburg gestartet:<br>Mitten im Zentrum Berlins entsteht der \u201eenergieeffiziente Hochschulcampus Berlin-Charlottenburg\u201c, entwickelt von der der TU Berlin gemeinsam mit der UdK Berlin. Gef\u00f6rdert wurde das Pilot- und<br>Demonstrationsprojekt der Energiewende durch das Bundesministerium f\u00fcr Wirtschaft und Energie. Der Campus wird Lern- und Testlabor f\u00fcr die Klimaschutzziele, die sich die Bundesregierung f\u00fcr 2050 gesteckt hat. Das Projekt soll diese Ziele bereits 2025 erreichen und damit als Vorbild f\u00fcr energetische Sanierungen von Stadtquartieren dienen.<br>Bis 2050 sollen u.a. 80 % des Energiebedarfs aus erneuerbaren Quellen gedeckt werden. Die Stadt Berlin hat ihrerseits mit dem \u201eEnergiewendegesetz Berlin\u201c, das am 6. April 2016 in Kraft getreten<br>ist, ganz aktuell einen einheitlichen rechtlichen Rahmen f\u00fcr einen<br>nachhaltigen Klimaschutz definiert.<br>In Deutschland werden ca. 40% der gesamten Energie f\u00fcr die Versorgung von Geb\u00e4uden aufgewendet. 99% aller Geb\u00e4ude sind Altbestand, weshalb es essenziell ist, Wege f\u00fcr die Sanierung bestehender Quartiere zu finden.<br><strong>Schlagw\u00f6rter:<\/strong><br>Energiepotential, Thermische Simulationen, Bestandsbauten<\/p>\n\n\n\n<figure class=\"wp-block-image size-full\"><img loading=\"lazy\" decoding=\"async\" width=\"768\" height=\"361\" src=\"http:\/\/ardakarasu.com\/home\/wp-content\/uploads\/2022\/08\/Konzept-eng-768x361-1.png\" alt=\"\" class=\"wp-image-320\" srcset=\"https:\/\/ardakarasu.com\/wp-content\/uploads\/2022\/08\/Konzept-eng-768x361-1.png 768w, https:\/\/ardakarasu.com\/wp-content\/uploads\/2022\/08\/Konzept-eng-768x361-1-300x141.png 300w\" sizes=\"auto, (max-width: 768px) 100vw, 768px\" \/><\/figure>\n","protected":false},"excerpt":{"rendered":"<p>2016-2018Hochschulcampus Berlin CharlottenburgHCBC: Konzeptphase Aufgaben: Tool-Entwicklung,Simulation, Energieanalyse F\u00f6rdergeber: BMWIF\u00f6rdersumme: 1 Mio. \u20ac Energiewende Berlin: Die TU Berlin und die UdK Berlin haben einPilotprojekt zur energetischen Sanierung des HochschulcampusBerlin Charlottenburg gestartet:Mitten im Zentrum Berlins entsteht der \u201eenergieeffiziente Hochschulcampus Berlin-Charlottenburg\u201c, entwickelt von der der TU Berlin gemeinsam mit der UdK Berlin. Gef\u00f6rdert wurde das Pilot- undDemonstrationsprojekt der [&hellip;]<\/p>\n","protected":false},"author":1,"featured_media":0,"parent":0,"menu_order":0,"comment_status":"closed","ping_status":"closed","template":"","meta":{"footnotes":""},"class_list":["post-52","page","type-page","status-publish","hentry"],"_links":{"self":[{"href":"https:\/\/ardakarasu.com\/index.php?rest_route=\/wp\/v2\/pages\/52","targetHints":{"allow":["GET"]}}],"collection":[{"href":"https:\/\/ardakarasu.com\/index.php?rest_route=\/wp\/v2\/pages"}],"about":[{"href":"https:\/\/ardakarasu.com\/index.php?rest_route=\/wp\/v2\/types\/page"}],"author":[{"embeddable":true,"href":"https:\/\/ardakarasu.com\/index.php?rest_route=\/wp\/v2\/users\/1"}],"replies":[{"embeddable":true,"href":"https:\/\/ardakarasu.com\/index.php?rest_route=%2Fwp%2Fv2%2Fcomments&post=52"}],"version-history":[{"count":3,"href":"https:\/\/ardakarasu.com\/index.php?rest_route=\/wp\/v2\/pages\/52\/revisions"}],"predecessor-version":[{"id":322,"href":"https:\/\/ardakarasu.com\/index.php?rest_route=\/wp\/v2\/pages\/52\/revisions\/322"}],"wp:attachment":[{"href":"https:\/\/ardakarasu.com\/index.php?rest_route=%2Fwp%2Fv2%2Fmedia&parent=52"}],"curies":[{"name":"wp","href":"https:\/\/api.w.org\/{rel}","templated":true}]}}