{"id":51,"date":"2022-05-13T11:34:13","date_gmt":"2022-05-13T09:34:13","guid":{"rendered":"http:\/\/ardakarasu.com\/home\/?page_id=51"},"modified":"2022-08-05T20:11:13","modified_gmt":"2022-08-05T18:11:13","slug":"hcbc-ii-2","status":"publish","type":"page","link":"https:\/\/ardakarasu.com\/?page_id=51","title":{"rendered":"Klimaneutraler Campus HCBC II"},"content":{"rendered":"\n<div class=\"wp-block-columns is-layout-flex wp-container-core-columns-is-layout-9d6595d7 wp-block-columns-is-layout-flex\">\n<div class=\"wp-block-column is-layout-flow wp-block-column-is-layout-flow\" style=\"flex-basis:33.33%\">\n<p><\/p>\n\n\n\n<p><strong>2019-2023<\/strong><br>Hochschulcampus<br>Berlin- Charlottenburg<br>HCBC: Umsetzungsphase<br><strong>Aufgaben: <\/strong>Fassadenkonzept,<br>Simulation, W\u00e4rmeschutz<\/p>\n\n\n\n<p><strong>F\u00f6rdergeber:<\/strong> BMWI<br><strong>F\u00f6rdersumme:<\/strong> 5 Mio. \u20ac<\/p>\n<\/div>\n\n\n\n<div class=\"wp-block-column is-layout-flow wp-block-column-is-layout-flow\" style=\"flex-basis:66.66%\">\n<figure class=\"wp-block-image size-large\"><img loading=\"lazy\" decoding=\"async\" width=\"1024\" height=\"507\" src=\"http:\/\/ardakarasu.com\/home\/wp-content\/uploads\/2022\/08\/klimahuelle_hcbcVII_wind_2-1024x507.jpg\" alt=\"\" class=\"wp-image-317\" srcset=\"https:\/\/ardakarasu.com\/wp-content\/uploads\/2022\/08\/klimahuelle_hcbcVII_wind_2-1024x507.jpg 1024w, https:\/\/ardakarasu.com\/wp-content\/uploads\/2022\/08\/klimahuelle_hcbcVII_wind_2-300x149.jpg 300w, https:\/\/ardakarasu.com\/wp-content\/uploads\/2022\/08\/klimahuelle_hcbcVII_wind_2-768x380.jpg 768w, https:\/\/ardakarasu.com\/wp-content\/uploads\/2022\/08\/klimahuelle_hcbcVII_wind_2.jpg 1200w\" sizes=\"auto, (max-width: 1024px) 100vw, 1024px\" \/><\/figure>\n<\/div>\n<\/div>\n\n\n\n<p>Der Campus soll so modernisiert werden, dass mit der laufenden<br>Projektphase bereits Teile der Energiewendeziele der Bundesregierung f\u00fcr 2050 demonstriert werden k\u00f6nnen. Um dies zu erreichen, wird ein ganzheitlicher Ansatz gew\u00e4hlt, wobei die Energiebilanzgrenze vom einzelnen Geb\u00e4ude auf das Campusareal verlagert wird (\u201eQuartier\u201c). Damit ergeben sich zahlreiche Synergien, aber auch technische, \u00f6konomische und rechtliche Herausforderungen, die es im Rahmen des Projekts zu l\u00f6sen gilt.<br>Energieeffizienz und erneuerbare Energiegewinnung sowie deren Speicherung und Verteilung m\u00fcssen optimal aufeinander abgestimmt werden, um energieeffiziente Geb\u00e4ude zukunftsf\u00e4hig sanieren und betreiben zu k\u00f6nnen. Mit Blick auf eine zunehmend integrierte Energiewelt wird erneuerbarer Strom also nicht nur unmittelbar in Anwendungen auf dem Campus flie\u00dfen. Er ist dar\u00fcber hinaus universell einsetzbar, gerade mit Blick auf Kopplungsstrategien verschiedener Sektoren. Folgende Ans\u00e4tze werden parallel betrachtet und entwickelt: Insgesamt sind die untersuchten Ma\u00dfnahmen im Projekt HCBC mit einem Investitionsvolumen von rund 300 Mio. Euro verbunden. Im Rahmen einer ersten Priorisierung kosteneffizienter Ma\u00dfnahmen in den kommenden Jahren, werden zun\u00e4chst kleinere Investitionen mit dem Fokus auf hochwirtschaftliche Ma\u00dfnahmen zur Umsetzung empfohlen.<br><strong>Schlagw\u00f6rter:<br><\/strong>Quartierssanierung, Passive solare Gewinne, Energiesubstitution<\/p>\n\n\n\n<figure class=\"wp-block-image size-large\"><a href=\"klimah\u00fclle.info\"><img loading=\"lazy\" decoding=\"async\" width=\"1024\" height=\"699\" src=\"http:\/\/ardakarasu.com\/home\/wp-content\/uploads\/2022\/08\/Enscape_2021-10-01-09-54-10-1024x699.png\" alt=\"\" class=\"wp-image-256\" srcset=\"https:\/\/ardakarasu.com\/wp-content\/uploads\/2022\/08\/Enscape_2021-10-01-09-54-10-1024x699.png 1024w, https:\/\/ardakarasu.com\/wp-content\/uploads\/2022\/08\/Enscape_2021-10-01-09-54-10-300x205.png 300w, https:\/\/ardakarasu.com\/wp-content\/uploads\/2022\/08\/Enscape_2021-10-01-09-54-10-768x524.png 768w, https:\/\/ardakarasu.com\/wp-content\/uploads\/2022\/08\/Enscape_2021-10-01-09-54-10-1536x1048.png 1536w, https:\/\/ardakarasu.com\/wp-content\/uploads\/2022\/08\/Enscape_2021-10-01-09-54-10-1200x819.png 1200w, https:\/\/ardakarasu.com\/wp-content\/uploads\/2022\/08\/Enscape_2021-10-01-09-54-10.png 1608w\" sizes=\"auto, (max-width: 1024px) 100vw, 1024px\" \/><\/a><figcaption>Klimah\u00fclle<\/figcaption><\/figure>\n","protected":false},"excerpt":{"rendered":"<p>2019-2023HochschulcampusBerlin- CharlottenburgHCBC: UmsetzungsphaseAufgaben: Fassadenkonzept,Simulation, W\u00e4rmeschutz F\u00f6rdergeber: BMWIF\u00f6rdersumme: 5 Mio. \u20ac Der Campus soll so modernisiert werden, dass mit der laufendenProjektphase bereits Teile der Energiewendeziele der Bundesregierung f\u00fcr 2050 demonstriert werden k\u00f6nnen. Um dies zu erreichen, wird ein ganzheitlicher Ansatz gew\u00e4hlt, wobei die Energiebilanzgrenze vom einzelnen Geb\u00e4ude auf das Campusareal verlagert wird (\u201eQuartier\u201c). Damit ergeben sich [&hellip;]<\/p>\n","protected":false},"author":1,"featured_media":0,"parent":0,"menu_order":0,"comment_status":"closed","ping_status":"closed","template":"","meta":{"footnotes":""},"class_list":["post-51","page","type-page","status-publish","hentry"],"_links":{"self":[{"href":"https:\/\/ardakarasu.com\/index.php?rest_route=\/wp\/v2\/pages\/51","targetHints":{"allow":["GET"]}}],"collection":[{"href":"https:\/\/ardakarasu.com\/index.php?rest_route=\/wp\/v2\/pages"}],"about":[{"href":"https:\/\/ardakarasu.com\/index.php?rest_route=\/wp\/v2\/types\/page"}],"author":[{"embeddable":true,"href":"https:\/\/ardakarasu.com\/index.php?rest_route=\/wp\/v2\/users\/1"}],"replies":[{"embeddable":true,"href":"https:\/\/ardakarasu.com\/index.php?rest_route=%2Fwp%2Fv2%2Fcomments&post=51"}],"version-history":[{"count":3,"href":"https:\/\/ardakarasu.com\/index.php?rest_route=\/wp\/v2\/pages\/51\/revisions"}],"predecessor-version":[{"id":318,"href":"https:\/\/ardakarasu.com\/index.php?rest_route=\/wp\/v2\/pages\/51\/revisions\/318"}],"wp:attachment":[{"href":"https:\/\/ardakarasu.com\/index.php?rest_route=%2Fwp%2Fv2%2Fmedia&parent=51"}],"curies":[{"name":"wp","href":"https:\/\/api.w.org\/{rel}","templated":true}]}}