{"id":49,"date":"2022-05-13T11:34:13","date_gmt":"2022-05-13T09:34:13","guid":{"rendered":"http:\/\/ardakarasu.com\/home\/?page_id=49"},"modified":"2022-08-05T21:36:13","modified_gmt":"2022-08-05T19:36:13","slug":"entwurf","status":"publish","type":"page","link":"https:\/\/ardakarasu.com\/?page_id=49","title":{"rendered":"Entwurfsstudio"},"content":{"rendered":"\n<div class=\"wp-block-columns is-layout-flex wp-container-core-columns-is-layout-9d6595d7 wp-block-columns-is-layout-flex\">\n<div class=\"wp-block-column is-layout-flow wp-block-column-is-layout-flow\" style=\"flex-basis:33.33%\">\n<p>Modul: BA 1.1.5 Entwerfen 5<br>Art der Lehrveranstaltung: Entwurfsseminar<br>Thema: Einsiedelei<br>SWS \/ LP (nach ECTS): 9\/14<br>Pr\u00fcfungsleistung: Entwurf<br>TU Berlin, WiSe 2014-15<\/p>\n<\/div>\n\n\n\n<div class=\"wp-block-column is-layout-flow wp-block-column-is-layout-flow\" style=\"flex-basis:66.66%\">\n<p>Das Leben im Kloster ist f\u00fcr die gro\u00dfe Mehrheit der modernen Gesellschaft ein unverst\u00e4ndlicher Anachronismus, welchem man sich<br>maximal im Rahmen von Selbstfindungsversuchen tempor\u00e4r aussetzt. Auch im Bereich der Architektur erscheint diese Typologie auf den ersten Blick fremd und nicht relevant. Tats\u00e4chlich existiert \u2013 nicht zuletzt dank des Wirkens von Le Corbusier \u2013 eine Kontinuit\u00e4t vom auf das Existenzielle reduzierten mittelalterlichen Kloster hin zur modernen Raumbildung. Themen wie das Nebeneinander von<br>Isolation und Gemeinschaft oder Prinzipien der Selbstversorgung sind noch heute Gegenstand der Architekturdiskussion. Wir haben uns dieser nicht allt\u00e4glichen Bauaufgabe gewidmet, sind in eine uns<br>fremde Lebenswelt eingetaucht, haben untersucht, wie ein Ritus zur Raumbildung beitr\u00e4gt\u2013 und eine moderne Einsiedelei entworfen.<br><strong>Stichw\u00f6rter:<\/strong><br>Tageslicht, Fassade, Klimagerecht, Minimales Wohnen<\/p>\n<\/div>\n<\/div>\n\n\n\n<figure class=\"wp-block-image size-large\"><img loading=\"lazy\" decoding=\"async\" width=\"1024\" height=\"666\" src=\"http:\/\/ardakarasu.com\/home\/wp-content\/uploads\/2022\/08\/IMG_1328-1024x666.jpg\" alt=\"\" class=\"wp-image-337\" srcset=\"https:\/\/ardakarasu.com\/wp-content\/uploads\/2022\/08\/IMG_1328-1024x666.jpg 1024w, https:\/\/ardakarasu.com\/wp-content\/uploads\/2022\/08\/IMG_1328-300x195.jpg 300w, https:\/\/ardakarasu.com\/wp-content\/uploads\/2022\/08\/IMG_1328-768x499.jpg 768w, https:\/\/ardakarasu.com\/wp-content\/uploads\/2022\/08\/IMG_1328-1536x998.jpg 1536w, https:\/\/ardakarasu.com\/wp-content\/uploads\/2022\/08\/IMG_1328-1200x780.jpg 1200w, https:\/\/ardakarasu.com\/wp-content\/uploads\/2022\/08\/IMG_1328-1980x1287.jpg 1980w, https:\/\/ardakarasu.com\/wp-content\/uploads\/2022\/08\/IMG_1328.jpg 2000w\" sizes=\"auto, (max-width: 1024px) 100vw, 1024px\" \/><figcaption>St\u00e4dtebauliches Modell<\/figcaption><\/figure>\n\n\n\n<figure class=\"wp-block-image size-large\"><img loading=\"lazy\" decoding=\"async\" width=\"1024\" height=\"767\" src=\"http:\/\/ardakarasu.com\/home\/wp-content\/uploads\/2022\/08\/IMG_1528-1024x767.jpg\" alt=\"\" class=\"wp-image-343\" srcset=\"https:\/\/ardakarasu.com\/wp-content\/uploads\/2022\/08\/IMG_1528-1024x767.jpg 1024w, https:\/\/ardakarasu.com\/wp-content\/uploads\/2022\/08\/IMG_1528-300x225.jpg 300w, https:\/\/ardakarasu.com\/wp-content\/uploads\/2022\/08\/IMG_1528-768x575.jpg 768w, https:\/\/ardakarasu.com\/wp-content\/uploads\/2022\/08\/IMG_1528-1536x1151.jpg 1536w, https:\/\/ardakarasu.com\/wp-content\/uploads\/2022\/08\/IMG_1528-2048x1535.jpg 2048w, https:\/\/ardakarasu.com\/wp-content\/uploads\/2022\/08\/IMG_1528-1200x899.jpg 1200w, https:\/\/ardakarasu.com\/wp-content\/uploads\/2022\/08\/IMG_1528-1980x1484.jpg 1980w\" sizes=\"auto, (max-width: 1024px) 100vw, 1024px\" \/><figcaption>Innenraum der Zelle<\/figcaption><\/figure>\n\n\n\n<p>Weitere Entwurfstudios mit unterschiedlichen Rollen:<\/p>\n\n\n\n<figure class=\"wp-block-image size-large\"><img loading=\"lazy\" decoding=\"async\" width=\"1024\" height=\"684\" src=\"http:\/\/ardakarasu.com\/home\/wp-content\/uploads\/2022\/08\/mathemopfhosis-1024x684.png\" alt=\"\" class=\"wp-image-339\" srcset=\"https:\/\/ardakarasu.com\/wp-content\/uploads\/2022\/08\/mathemopfhosis-1024x684.png 1024w, https:\/\/ardakarasu.com\/wp-content\/uploads\/2022\/08\/mathemopfhosis-300x200.png 300w, https:\/\/ardakarasu.com\/wp-content\/uploads\/2022\/08\/mathemopfhosis-768x513.png 768w, https:\/\/ardakarasu.com\/wp-content\/uploads\/2022\/08\/mathemopfhosis-1200x802.png 1200w, https:\/\/ardakarasu.com\/wp-content\/uploads\/2022\/08\/mathemopfhosis.png 1401w\" sizes=\"auto, (max-width: 1024px) 100vw, 1024px\" \/><figcaption>Mathemorphosis (Mitbetreuung)<\/figcaption><\/figure>\n\n\n\n<figure class=\"wp-block-image size-large\"><img loading=\"lazy\" decoding=\"async\" width=\"1024\" height=\"768\" src=\"http:\/\/ardakarasu.com\/home\/wp-content\/uploads\/2022\/08\/IMG_1521-1024x768.jpg\" alt=\"\" class=\"wp-image-338\" srcset=\"https:\/\/ardakarasu.com\/wp-content\/uploads\/2022\/08\/IMG_1521-1024x768.jpg 1024w, https:\/\/ardakarasu.com\/wp-content\/uploads\/2022\/08\/IMG_1521-300x225.jpg 300w, https:\/\/ardakarasu.com\/wp-content\/uploads\/2022\/08\/IMG_1521-768x576.jpg 768w, https:\/\/ardakarasu.com\/wp-content\/uploads\/2022\/08\/IMG_1521-1536x1152.jpg 1536w, https:\/\/ardakarasu.com\/wp-content\/uploads\/2022\/08\/IMG_1521-2048x1536.jpg 2048w, https:\/\/ardakarasu.com\/wp-content\/uploads\/2022\/08\/IMG_1521-1200x900.jpg 1200w, https:\/\/ardakarasu.com\/wp-content\/uploads\/2022\/08\/IMG_1521-1980x1485.jpg 1980w\" sizes=\"auto, (max-width: 1024px) 100vw, 1024px\" \/><figcaption>Klimah\u00fclle (Jury-Mitglied)<\/figcaption><\/figure>\n","protected":false},"excerpt":{"rendered":"<p>Modul: BA 1.1.5 Entwerfen 5Art der Lehrveranstaltung: EntwurfsseminarThema: EinsiedeleiSWS \/ LP (nach ECTS): 9\/14Pr\u00fcfungsleistung: EntwurfTU Berlin, WiSe 2014-15 Das Leben im Kloster ist f\u00fcr die gro\u00dfe Mehrheit der modernen Gesellschaft ein unverst\u00e4ndlicher Anachronismus, welchem man sichmaximal im Rahmen von Selbstfindungsversuchen tempor\u00e4r aussetzt. Auch im Bereich der Architektur erscheint diese Typologie auf den ersten Blick fremd [&hellip;]<\/p>\n","protected":false},"author":1,"featured_media":0,"parent":0,"menu_order":0,"comment_status":"closed","ping_status":"closed","template":"","meta":{"footnotes":""},"class_list":["post-49","page","type-page","status-publish","hentry"],"_links":{"self":[{"href":"https:\/\/ardakarasu.com\/index.php?rest_route=\/wp\/v2\/pages\/49","targetHints":{"allow":["GET"]}}],"collection":[{"href":"https:\/\/ardakarasu.com\/index.php?rest_route=\/wp\/v2\/pages"}],"about":[{"href":"https:\/\/ardakarasu.com\/index.php?rest_route=\/wp\/v2\/types\/page"}],"author":[{"embeddable":true,"href":"https:\/\/ardakarasu.com\/index.php?rest_route=\/wp\/v2\/users\/1"}],"replies":[{"embeddable":true,"href":"https:\/\/ardakarasu.com\/index.php?rest_route=%2Fwp%2Fv2%2Fcomments&post=49"}],"version-history":[{"count":4,"href":"https:\/\/ardakarasu.com\/index.php?rest_route=\/wp\/v2\/pages\/49\/revisions"}],"predecessor-version":[{"id":345,"href":"https:\/\/ardakarasu.com\/index.php?rest_route=\/wp\/v2\/pages\/49\/revisions\/345"}],"wp:attachment":[{"href":"https:\/\/ardakarasu.com\/index.php?rest_route=%2Fwp%2Fv2%2Fmedia&parent=49"}],"curies":[{"name":"wp","href":"https:\/\/api.w.org\/{rel}","templated":true}]}}