{"id":46,"date":"2022-05-13T11:34:13","date_gmt":"2022-05-13T09:34:13","guid":{"rendered":"http:\/\/ardakarasu.com\/home\/?page_id=46"},"modified":"2022-08-05T20:27:55","modified_gmt":"2022-08-05T18:27:55","slug":"uchas","status":"publish","type":"page","link":"https:\/\/ardakarasu.com\/?page_id=46","title":{"rendered":"HighTech-LowEx"},"content":{"rendered":"\n<div class=\"wp-block-columns is-layout-flex wp-container-core-columns-is-layout-9d6595d7 wp-block-columns-is-layout-flex\">\n<div class=\"wp-block-column is-layout-flow wp-block-column-is-layout-flow\" style=\"flex-basis:33.33%\">\n<p><\/p>\n\n\n\n<p><strong>2011-12<\/strong><br>High-Tech Low-Ex<\/p>\n\n\n\n<p><strong>Aufgaben:<\/strong><br>Thermische Analysen,<br>Simulation<\/p>\n\n\n\n<p><strong>F\u00f6rdergeber: <\/strong>BMWI<br><strong>F\u00f6rdersumme:<\/strong> 40 Tsd. \u20ac<\/p>\n<\/div>\n\n\n\n<div class=\"wp-block-column is-layout-flow wp-block-column-is-layout-flow\" style=\"flex-basis:66.66%\">\n<figure class=\"wp-block-image size-full\"><img loading=\"lazy\" decoding=\"async\" width=\"750\" height=\"488\" src=\"http:\/\/ardakarasu.com\/home\/wp-content\/uploads\/2022\/08\/adlershof-klein.jpg\" alt=\"\" class=\"wp-image-326\" srcset=\"https:\/\/ardakarasu.com\/wp-content\/uploads\/2022\/08\/adlershof-klein.jpg 750w, https:\/\/ardakarasu.com\/wp-content\/uploads\/2022\/08\/adlershof-klein-300x195.jpg 300w\" sizes=\"auto, (max-width: 750px) 100vw, 750px\" \/><\/figure>\n<\/div>\n<\/div>\n\n\n\n<p>Am Beispiel der Kasernengeb\u00e4ude, die in den 60er Jahren entstanden sind, sollen innovative Ma\u00dfnahmen zur energetischen Geb\u00e4udemodernisierung demonstriert werden. Diese Ma\u00dfnahmen sollen dabei nicht nur f\u00fcr die weiteren Kasernengeb\u00e4ude am Standort, sondern auch f\u00fcr bundesweite Modernisierungen als Impuls dienen.<br>Ein innovatives Bel\u00fcftungssystem als hybride Heizungs- und L\u00fcftungsanlage wurde daf\u00fcr entwickelt: Die solaren Energiegewinne,<br>die durch die zwei Gew\u00e4chsh\u00e4user auf dem Kasernengeb\u00e4ude erzielt werden, k\u00f6nnen mit rund 140 MWh innerhalb einer Heizperiode beziffert werden. Es ist davon auszugehen, dass das Geb\u00e4ude nach der Standardsanierung einen Heizw\u00e4rmebedarf von ca. 250-300 MWh aufweisen wird. Diesbez\u00fcglich k\u00f6nnte das Dachgew\u00e4chshauskonzept die H\u00e4lfte des Heizenergiebedarfs decken, wobei die Prim\u00e4renergieeinsparung dieser Ma\u00dfnahme 30% (77 MWh\/a) betr\u00e4gt.<br><strong>Schlagw\u00f6rter:<\/strong><br>Sanierung, CO2 Minderung, Innovative Anbauten, HVAC<\/p>\n","protected":false},"excerpt":{"rendered":"<p>2011-12High-Tech Low-Ex Aufgaben:Thermische Analysen,Simulation F\u00f6rdergeber: BMWIF\u00f6rdersumme: 40 Tsd. \u20ac Am Beispiel der Kasernengeb\u00e4ude, die in den 60er Jahren entstanden sind, sollen innovative Ma\u00dfnahmen zur energetischen Geb\u00e4udemodernisierung demonstriert werden. Diese Ma\u00dfnahmen sollen dabei nicht nur f\u00fcr die weiteren Kasernengeb\u00e4ude am Standort, sondern auch f\u00fcr bundesweite Modernisierungen als Impuls dienen.Ein innovatives Bel\u00fcftungssystem als hybride Heizungs- und L\u00fcftungsanlage [&hellip;]<\/p>\n","protected":false},"author":1,"featured_media":0,"parent":0,"menu_order":0,"comment_status":"closed","ping_status":"closed","template":"","meta":{"footnotes":""},"class_list":["post-46","page","type-page","status-publish","hentry"],"_links":{"self":[{"href":"https:\/\/ardakarasu.com\/index.php?rest_route=\/wp\/v2\/pages\/46","targetHints":{"allow":["GET"]}}],"collection":[{"href":"https:\/\/ardakarasu.com\/index.php?rest_route=\/wp\/v2\/pages"}],"about":[{"href":"https:\/\/ardakarasu.com\/index.php?rest_route=\/wp\/v2\/types\/page"}],"author":[{"embeddable":true,"href":"https:\/\/ardakarasu.com\/index.php?rest_route=\/wp\/v2\/users\/1"}],"replies":[{"embeddable":true,"href":"https:\/\/ardakarasu.com\/index.php?rest_route=%2Fwp%2Fv2%2Fcomments&post=46"}],"version-history":[{"count":4,"href":"https:\/\/ardakarasu.com\/index.php?rest_route=\/wp\/v2\/pages\/46\/revisions"}],"predecessor-version":[{"id":327,"href":"https:\/\/ardakarasu.com\/index.php?rest_route=\/wp\/v2\/pages\/46\/revisions\/327"}],"wp:attachment":[{"href":"https:\/\/ardakarasu.com\/index.php?rest_route=%2Fwp%2Fv2%2Fmedia&parent=46"}],"curies":[{"name":"wp","href":"https:\/\/api.w.org\/{rel}","templated":true}]}}