{"id":453,"date":"2024-06-13T12:30:09","date_gmt":"2024-06-13T10:30:09","guid":{"rendered":"http:\/\/ardakarasu.com\/home\/?page_id=453"},"modified":"2024-06-13T12:30:09","modified_gmt":"2024-06-13T10:30:09","slug":"raumprototypen","status":"publish","type":"page","link":"https:\/\/ardakarasu.com\/?page_id=453","title":{"rendered":"Raumprototypen"},"content":{"rendered":"\n<div class=\"wp-block-columns is-layout-flex wp-container-core-columns-is-layout-9d6595d7 wp-block-columns-is-layout-flex\">\n<div class=\"wp-block-column is-layout-flow wp-block-column-is-layout-flow\" style=\"flex-basis:33.33%\">\n<p>Wahlfach, Projektkurs<br><br>SWS \/ LP (nach ECTS): 4 \/ 6<br>Pr\u00fcfungsleistung : Mappe<br><\/p>\n\n\n\n<p>Berlin University Alliance<\/p>\n\n\n\n<p>2023 SoSe und WiSe<\/p>\n\n\n\n<p>Bachelor, Master<\/p>\n<\/div>\n\n\n\n<div class=\"wp-block-column is-layout-flow wp-block-column-is-layout-flow\" style=\"flex-basis:66.66%\">\n<p>Das zunehmend in die Jahre kommende und bald au\u00dfer Betrieb genommene Mathematikgeb\u00e4ude der TU Berlin soll im Zuge einer gesamtheitlichen Neugestaltung und Umplanung wieder in den Fokus des Berliner Campus Lebens r\u00fccken. In dieser ersten Phase wurde das Projektziel verfolgt, neue Lern-, Lehr- und Arbeitsr\u00e4ume f\u00fcr das Mathematikgeb\u00e4ude zu entwickeln. Hierzu wurden u.a. auch Zukunftspl\u00e4ne und Vorgaben des Pr\u00e4sidiums betrachtet. Daraus geht hervor, dass die TU Berlin ihre Rolle in der Gesellschaft verst\u00e4rken m\u00f6chte.\u00a0 Es soll in der Zukunft darum gehen, die geschlossene Uni-Gesellschaft zu \u00f6ffnen und die Integration der zivilen Gesellschaft zu optimieren. Angestrebt wird eine Transdisziplinarit\u00e4t, die es erm\u00f6glicht, einen Bezug zur \u00d6ffentlichkeit zu schaffen.\u00a0 An diesen Vorgaben m\u00f6chten wir mit unserem Forschungsseminar ansetzen und die neu gewonnenen Konzepte der R\u00e4ume erweitern. Dabei verfolgen wir das Ziel, Antworten auf die Fragen \u00fcber notwendige Fl\u00e4chen f\u00fcr Begegnungen und deren Umsetzungen zu finden. Gemeinsam mit den Studierenden m\u00f6chten wir Citizen-Science, hybride Fl\u00e4chen und diverse Services analysieren, diskutieren und im Anschluss, wie in der ersten Phase des Seminars, gestalten und auswerten.\u00a0<\/p>\n<\/div>\n<\/div>\n\n\n\n<figure class=\"wp-block-image size-large\"><img loading=\"lazy\" decoding=\"async\" width=\"1024\" height=\"507\" src=\"http:\/\/ardakarasu.com\/home\/wp-content\/uploads\/2024\/06\/raumprototypen-1024x507.jpg\" alt=\"\" class=\"wp-image-447\" srcset=\"https:\/\/ardakarasu.com\/wp-content\/uploads\/2024\/06\/raumprototypen-1024x507.jpg 1024w, https:\/\/ardakarasu.com\/wp-content\/uploads\/2024\/06\/raumprototypen-300x149.jpg 300w, https:\/\/ardakarasu.com\/wp-content\/uploads\/2024\/06\/raumprototypen-768x380.jpg 768w, https:\/\/ardakarasu.com\/wp-content\/uploads\/2024\/06\/raumprototypen-1536x761.jpg 1536w, https:\/\/ardakarasu.com\/wp-content\/uploads\/2024\/06\/raumprototypen-1200x594.jpg 1200w, https:\/\/ardakarasu.com\/wp-content\/uploads\/2024\/06\/raumprototypen.jpg 1571w\" sizes=\"auto, (max-width: 1024px) 100vw, 1024px\" \/><\/figure>\n","protected":false},"excerpt":{"rendered":"<p>Wahlfach, Projektkurs SWS \/ LP (nach ECTS): 4 \/ 6Pr\u00fcfungsleistung : Mappe Berlin University Alliance 2023 SoSe und WiSe Bachelor, Master Das zunehmend in die Jahre kommende und bald au\u00dfer Betrieb genommene Mathematikgeb\u00e4ude der TU Berlin soll im Zuge einer gesamtheitlichen Neugestaltung und Umplanung wieder in den Fokus des Berliner Campus Lebens r\u00fccken. In dieser [&hellip;]<\/p>\n","protected":false},"author":1,"featured_media":0,"parent":0,"menu_order":0,"comment_status":"closed","ping_status":"closed","template":"","meta":{"footnotes":""},"class_list":["post-453","page","type-page","status-publish","hentry"],"_links":{"self":[{"href":"https:\/\/ardakarasu.com\/index.php?rest_route=\/wp\/v2\/pages\/453","targetHints":{"allow":["GET"]}}],"collection":[{"href":"https:\/\/ardakarasu.com\/index.php?rest_route=\/wp\/v2\/pages"}],"about":[{"href":"https:\/\/ardakarasu.com\/index.php?rest_route=\/wp\/v2\/types\/page"}],"author":[{"embeddable":true,"href":"https:\/\/ardakarasu.com\/index.php?rest_route=\/wp\/v2\/users\/1"}],"replies":[{"embeddable":true,"href":"https:\/\/ardakarasu.com\/index.php?rest_route=%2Fwp%2Fv2%2Fcomments&post=453"}],"version-history":[{"count":2,"href":"https:\/\/ardakarasu.com\/index.php?rest_route=\/wp\/v2\/pages\/453\/revisions"}],"predecessor-version":[{"id":455,"href":"https:\/\/ardakarasu.com\/index.php?rest_route=\/wp\/v2\/pages\/453\/revisions\/455"}],"wp:attachment":[{"href":"https:\/\/ardakarasu.com\/index.php?rest_route=%2Fwp%2Fv2%2Fmedia&parent=453"}],"curies":[{"name":"wp","href":"https:\/\/api.w.org\/{rel}","templated":true}]}}