{"id":273,"date":"2022-08-04T14:21:07","date_gmt":"2022-08-04T12:21:07","guid":{"rendered":"http:\/\/ardakarasu.com\/home\/?page_id=273"},"modified":"2022-08-10T13:36:09","modified_gmt":"2022-08-10T11:36:09","slug":"workshops","status":"publish","type":"page","link":"https:\/\/ardakarasu.com\/?page_id=273","title":{"rendered":"Workshops und Ausstellungen"},"content":{"rendered":"\n<figure class=\"wp-block-image size-large\"><img loading=\"lazy\" decoding=\"async\" width=\"1024\" height=\"768\" src=\"http:\/\/ardakarasu.com\/home\/wp-content\/uploads\/2022\/05\/IMG_20220426_145419-1024x768.jpg\" alt=\"\" class=\"wp-image-138\" srcset=\"https:\/\/ardakarasu.com\/wp-content\/uploads\/2022\/05\/IMG_20220426_145419-1024x768.jpg 1024w, https:\/\/ardakarasu.com\/wp-content\/uploads\/2022\/05\/IMG_20220426_145419-300x225.jpg 300w, https:\/\/ardakarasu.com\/wp-content\/uploads\/2022\/05\/IMG_20220426_145419-768x576.jpg 768w, https:\/\/ardakarasu.com\/wp-content\/uploads\/2022\/05\/IMG_20220426_145419-1536x1152.jpg 1536w, https:\/\/ardakarasu.com\/wp-content\/uploads\/2022\/05\/IMG_20220426_145419-2048x1536.jpg 2048w, https:\/\/ardakarasu.com\/wp-content\/uploads\/2022\/05\/IMG_20220426_145419-1200x900.jpg 1200w, https:\/\/ardakarasu.com\/wp-content\/uploads\/2022\/05\/IMG_20220426_145419-1980x1485.jpg 1980w\" sizes=\"auto, (max-width: 1024px) 100vw, 1024px\" \/><\/figure>\n\n\n\n<h2 class=\"wp-block-heading\">Workshop &#8222;PLUS&#8220;, 2022, HS Weimar<\/h2>\n\n\n\n<p>Finding out the meaning of Plus in Architecture using Lego\u00ae Serious Play\u00ae<\/p>\n\n\n\n<figure class=\"wp-block-image size-full\"><img loading=\"lazy\" decoding=\"async\" width=\"750\" height=\"488\" src=\"http:\/\/ardakarasu.com\/home\/wp-content\/uploads\/2022\/08\/ideenpark.jpg\" alt=\"\" class=\"wp-image-268\" srcset=\"https:\/\/ardakarasu.com\/wp-content\/uploads\/2022\/08\/ideenpark.jpg 750w, https:\/\/ardakarasu.com\/wp-content\/uploads\/2022\/08\/ideenpark-300x195.jpg 300w\" sizes=\"auto, (max-width: 750px) 100vw, 750px\" \/><\/figure>\n\n\n\n<h2 class=\"wp-block-heading\">Workshop &#8222;Intelligente Sanierung von 1800 H\u00fcllfl\u00e4chen&#8220;, 2017, Berlin<\/h2>\n\n\n\n<p>Ziel ist die energetisch und \u00f6konomisch sinnvolle Kombination aus Energieeinsparung in bestehenden Geb\u00e4uden, die energetische Geb\u00e4ude- und Anlagensanierung, die lokale Gewinnung von erneuerbaren Energien und einem W\u00e4rmeverbundnetz auf dem Campus.<\/p>\n\n\n\n<figure class=\"wp-block-image size-full\"><img loading=\"lazy\" decoding=\"async\" width=\"750\" height=\"488\" src=\"http:\/\/ardakarasu.com\/home\/wp-content\/uploads\/2022\/08\/Ausstellung-climate-envelope-small.jpg\" alt=\"\" class=\"wp-image-385\" srcset=\"https:\/\/ardakarasu.com\/wp-content\/uploads\/2022\/08\/Ausstellung-climate-envelope-small.jpg 750w, https:\/\/ardakarasu.com\/wp-content\/uploads\/2022\/08\/Ausstellung-climate-envelope-small-300x195.jpg 300w\" sizes=\"auto, (max-width: 750px) 100vw, 750px\" \/><\/figure>\n\n\n\n<h2 class=\"wp-block-heading\">Ausstellung &#8222;Bauen mit Klimah\u00fcllen&#8220;, 2012-2015, Berlin-Brandenburg<\/h2>\n\n\n\n<p>Das Thema \u201eKlimah\u00fcllen\u201c erschlie\u00dft sich somit aus mehreren Funktionen: Energiegewinnung durch das Gew\u00e4chshaus, K\u00fchlung und W\u00e4rmer\u00fcckgewinnung im Geb\u00e4ude, Erh\u00f6hung des Wohnwertes sowie L\u00e4rm- und Immissionsschutz durch geregelte L\u00fcftung und durch den mechanischen Schutz der Klimah\u00fclle<\/p>\n\n\n\n<figure class=\"wp-block-image size-large\"><img loading=\"lazy\" decoding=\"async\" width=\"1024\" height=\"558\" src=\"http:\/\/ardakarasu.com\/home\/wp-content\/uploads\/2022\/08\/10841930_10152644715064608_2653850160527234191_o-1024x558.jpg\" alt=\"\" class=\"wp-image-387\" srcset=\"https:\/\/ardakarasu.com\/wp-content\/uploads\/2022\/08\/10841930_10152644715064608_2653850160527234191_o-1024x558.jpg 1024w, https:\/\/ardakarasu.com\/wp-content\/uploads\/2022\/08\/10841930_10152644715064608_2653850160527234191_o-300x163.jpg 300w, https:\/\/ardakarasu.com\/wp-content\/uploads\/2022\/08\/10841930_10152644715064608_2653850160527234191_o-768x419.jpg 768w, https:\/\/ardakarasu.com\/wp-content\/uploads\/2022\/08\/10841930_10152644715064608_2653850160527234191_o-1536x837.jpg 1536w, https:\/\/ardakarasu.com\/wp-content\/uploads\/2022\/08\/10841930_10152644715064608_2653850160527234191_o-1200x654.jpg 1200w, https:\/\/ardakarasu.com\/wp-content\/uploads\/2022\/08\/10841930_10152644715064608_2653850160527234191_o-1980x1079.jpg 1980w, https:\/\/ardakarasu.com\/wp-content\/uploads\/2022\/08\/10841930_10152644715064608_2653850160527234191_o.jpg 2048w\" sizes=\"auto, (max-width: 1024px) 100vw, 1024px\" \/><\/figure>\n\n\n\n<h2 class=\"wp-block-heading\">Workshop &#8222;Forschung f\u00fcr die Architektur&#8220;, 2014, Izmir<\/h2>\n\n\n\n<p>Organisation of the DAAD funded seminar and workshops with the focus on energy efficient buildings and use of renewable energies<\/p>\n","protected":false},"excerpt":{"rendered":"<p>Workshop &#8222;PLUS&#8220;, 2022, HS Weimar Finding out the meaning of Plus in Architecture using Lego\u00ae Serious Play\u00ae Workshop &#8222;Intelligente Sanierung von 1800 H\u00fcllfl\u00e4chen&#8220;, 2017, Berlin Ziel ist die energetisch und \u00f6konomisch sinnvolle Kombination aus Energieeinsparung in bestehenden Geb\u00e4uden, die energetische Geb\u00e4ude- und Anlagensanierung, die lokale Gewinnung von erneuerbaren Energien und einem W\u00e4rmeverbundnetz auf dem Campus. [&hellip;]<\/p>\n","protected":false},"author":1,"featured_media":0,"parent":0,"menu_order":0,"comment_status":"closed","ping_status":"closed","template":"","meta":{"footnotes":""},"class_list":["post-273","page","type-page","status-publish","hentry"],"_links":{"self":[{"href":"https:\/\/ardakarasu.com\/index.php?rest_route=\/wp\/v2\/pages\/273","targetHints":{"allow":["GET"]}}],"collection":[{"href":"https:\/\/ardakarasu.com\/index.php?rest_route=\/wp\/v2\/pages"}],"about":[{"href":"https:\/\/ardakarasu.com\/index.php?rest_route=\/wp\/v2\/types\/page"}],"author":[{"embeddable":true,"href":"https:\/\/ardakarasu.com\/index.php?rest_route=\/wp\/v2\/users\/1"}],"replies":[{"embeddable":true,"href":"https:\/\/ardakarasu.com\/index.php?rest_route=%2Fwp%2Fv2%2Fcomments&post=273"}],"version-history":[{"count":4,"href":"https:\/\/ardakarasu.com\/index.php?rest_route=\/wp\/v2\/pages\/273\/revisions"}],"predecessor-version":[{"id":388,"href":"https:\/\/ardakarasu.com\/index.php?rest_route=\/wp\/v2\/pages\/273\/revisions\/388"}],"wp:attachment":[{"href":"https:\/\/ardakarasu.com\/index.php?rest_route=%2Fwp%2Fv2%2Fmedia&parent=273"}],"curies":[{"name":"wp","href":"https:\/\/api.w.org\/{rel}","templated":true}]}}