{"id":254,"date":"2022-08-04T13:53:38","date_gmt":"2022-08-04T11:53:38","guid":{"rendered":"http:\/\/ardakarasu.com\/home\/?page_id=254"},"modified":"2022-08-05T09:33:01","modified_gmt":"2022-08-05T07:33:01","slug":"forschung-der-nachhaltigen-architektur","status":"publish","type":"page","link":"https:\/\/ardakarasu.com\/?page_id=254","title":{"rendered":"F&#038;E"},"content":{"rendered":"\n<p class=\"has-drop-cap\">Forschungspotenziale fr\u00fchzeitig zu identifizieren , vorausschauend zu handeln und routiniert Drittmittel zu akquirieren sind essenzielle Bestandteile eines erfolgreichen Forschungskonzeptes.<\/p>\n\n\n\n<p class=\"has-drop-cap\">In diesem Zusammenhang sollen anwendungsorientierte Projekte, mit dem Fokus auf nachhaltigem und energieeffizientem Bauen, durchgef\u00fchrt werden. Diese sollen relevante Erkenntnisse aus Wissenschaft und Wirtschaft b\u00fcndeln und die Geb\u00e4udenutzerInnen in den Mittelpunkt stellen. In diesem Zusammenhang wurden folgende, \u00fcbergeordnete Schwerpunkte simulativ und anhand von Demonstratoren erforscht, wobei die Lebenszyklusbetrachtung eine wesentliche Rolle spielt:<\/p>\n\n\n\n<ul class=\"wp-block-list\"><li>digitale Klimaanpassungsstrategien an den Geb\u00e4uden<\/li><li>nachhaltige Energiekonzepte f\u00fcr Geb\u00e4ude und Quartiere im Bestand und im Neubau<\/li><\/ul>\n\n\n\n<figure class=\"wp-block-image size-full\"><a href=\"http:\/\/ardakarasu.com\/home\/?page_id=48\"><img loading=\"lazy\" decoding=\"async\" width=\"960\" height=\"640\" src=\"http:\/\/ardakarasu.com\/home\/wp-content\/uploads\/2022\/05\/ausstellung-04.jpg\" alt=\"\" class=\"wp-image-147\" srcset=\"https:\/\/ardakarasu.com\/wp-content\/uploads\/2022\/05\/ausstellung-04.jpg 960w, https:\/\/ardakarasu.com\/wp-content\/uploads\/2022\/05\/ausstellung-04-300x200.jpg 300w, https:\/\/ardakarasu.com\/wp-content\/uploads\/2022\/05\/ausstellung-04-768x512.jpg 768w\" sizes=\"auto, (max-width: 960px) 100vw, 960px\" \/><\/a><figcaption><a href=\"http:\/\/ardakarasu.com\/home\/?page_id=48\">Forschungsprojekte<\/a><\/figcaption><\/figure>\n\n\n\n<figure class=\"wp-block-image size-large\"><a href=\"http:\/\/ardakarasu.com\/home\/?page_id=56\"><img loading=\"lazy\" decoding=\"async\" width=\"1024\" height=\"768\" src=\"http:\/\/ardakarasu.com\/home\/wp-content\/uploads\/2022\/08\/IMG_1320-1024x768.jpg\" alt=\"\" class=\"wp-image-257\" srcset=\"https:\/\/ardakarasu.com\/wp-content\/uploads\/2022\/08\/IMG_1320-1024x768.jpg 1024w, https:\/\/ardakarasu.com\/wp-content\/uploads\/2022\/08\/IMG_1320-300x225.jpg 300w, https:\/\/ardakarasu.com\/wp-content\/uploads\/2022\/08\/IMG_1320-768x576.jpg 768w, https:\/\/ardakarasu.com\/wp-content\/uploads\/2022\/08\/IMG_1320-1536x1152.jpg 1536w, https:\/\/ardakarasu.com\/wp-content\/uploads\/2022\/08\/IMG_1320-2048x1536.jpg 2048w, https:\/\/ardakarasu.com\/wp-content\/uploads\/2022\/08\/IMG_1320-1200x900.jpg 1200w, https:\/\/ardakarasu.com\/wp-content\/uploads\/2022\/08\/IMG_1320-1980x1485.jpg 1980w\" sizes=\"auto, (max-width: 1024px) 100vw, 1024px\" \/><\/a><figcaption><a href=\"http:\/\/ardakarasu.com\/home\/?page_id=56\">Ver\u00f6ffentlichungen<\/a><\/figcaption><\/figure>\n","protected":false},"excerpt":{"rendered":"<p>Forschungspotenziale fr\u00fchzeitig zu identifizieren , vorausschauend zu handeln und routiniert Drittmittel zu akquirieren sind essenzielle Bestandteile eines erfolgreichen Forschungskonzeptes. In diesem Zusammenhang sollen anwendungsorientierte Projekte, mit dem Fokus auf nachhaltigem und energieeffizientem Bauen, durchgef\u00fchrt werden. Diese sollen relevante Erkenntnisse aus Wissenschaft und Wirtschaft b\u00fcndeln und die Geb\u00e4udenutzerInnen in den Mittelpunkt stellen. In diesem Zusammenhang wurden [&hellip;]<\/p>\n","protected":false},"author":1,"featured_media":0,"parent":0,"menu_order":0,"comment_status":"closed","ping_status":"closed","template":"","meta":{"footnotes":""},"class_list":["post-254","page","type-page","status-publish","hentry"],"_links":{"self":[{"href":"https:\/\/ardakarasu.com\/index.php?rest_route=\/wp\/v2\/pages\/254","targetHints":{"allow":["GET"]}}],"collection":[{"href":"https:\/\/ardakarasu.com\/index.php?rest_route=\/wp\/v2\/pages"}],"about":[{"href":"https:\/\/ardakarasu.com\/index.php?rest_route=\/wp\/v2\/types\/page"}],"author":[{"embeddable":true,"href":"https:\/\/ardakarasu.com\/index.php?rest_route=\/wp\/v2\/users\/1"}],"replies":[{"embeddable":true,"href":"https:\/\/ardakarasu.com\/index.php?rest_route=%2Fwp%2Fv2%2Fcomments&post=254"}],"version-history":[{"count":6,"href":"https:\/\/ardakarasu.com\/index.php?rest_route=\/wp\/v2\/pages\/254\/revisions"}],"predecessor-version":[{"id":289,"href":"https:\/\/ardakarasu.com\/index.php?rest_route=\/wp\/v2\/pages\/254\/revisions\/289"}],"wp:attachment":[{"href":"https:\/\/ardakarasu.com\/index.php?rest_route=%2Fwp%2Fv2%2Fmedia&parent=254"}],"curies":[{"name":"wp","href":"https:\/\/api.w.org\/{rel}","templated":true}]}}