{"id":171,"date":"2022-05-13T15:01:57","date_gmt":"2022-05-13T13:01:57","guid":{"rendered":"http:\/\/ardakarasu.com\/home\/?page_id=171"},"modified":"2022-08-05T19:56:06","modified_gmt":"2022-08-05T17:56:06","slug":"bauen-mit-zukunft","status":"publish","type":"page","link":"https:\/\/ardakarasu.com\/?page_id=171","title":{"rendered":"Bauen mit Zukunft"},"content":{"rendered":"\n<div class=\"wp-block-columns is-layout-flex wp-container-core-columns-is-layout-9d6595d7 wp-block-columns-is-layout-flex\">\n<div class=\"wp-block-column is-layout-flow wp-block-column-is-layout-flow\" style=\"flex-basis:100%\">\n<div class=\"wp-block-group\"><div class=\"wp-block-group__inner-container is-layout-flow wp-block-group-is-layout-flow\">\n<p class=\"has-drop-cap has-text-align-left\">Nachhaltige L\u00f6sungen f\u00fcr \u00f6kologische und klimatische Herausforderungen zu erarbeiten, ist ein wichtiger Bestandteil der Arbeit eines Architekten.<br>Nach dieser Devise wurden s\u00e4mtliche Geb\u00e4ude mit KooperationspartnerInnen geplant und gebaut.<br>Die Hauptaufgaben waren dabei unter anderem die nachhaltige Planung und energetische Konzeption des jeweiligen Geb\u00e4udes. F\u00fcr die komfortable Nutzung eines Geb\u00e4udes w\u00e4hrend des gesamten Lebenszyklus m\u00fcssen geb\u00e4udetechnikrelevante Aspekte exakt und angemessen geplant werden. Dabei sollten, neben dem Stand der Technik, innovative Systeme sowohl f\u00fcr den technischen Erfolg des Planers als auch f\u00fcr die Zufriedenheit des Nutzers in das Geb\u00e4ude integriert werden. <\/p>\n<\/div><\/div>\n<\/div>\n<\/div>\n\n\n\n<figure class=\"wp-block-image size-large\"><a href=\"http:\/\/ardakarasu.com\/home\/?page_id=63\"><img loading=\"lazy\" decoding=\"async\" width=\"1024\" height=\"713\" src=\"http:\/\/ardakarasu.com\/home\/wp-content\/uploads\/2022\/05\/fakultaet-edited-1024x713.png\" alt=\"\" class=\"wp-image-179\" srcset=\"https:\/\/ardakarasu.com\/wp-content\/uploads\/2022\/05\/fakultaet-edited-1024x713.png 1024w, https:\/\/ardakarasu.com\/wp-content\/uploads\/2022\/05\/fakultaet-edited-300x209.png 300w, https:\/\/ardakarasu.com\/wp-content\/uploads\/2022\/05\/fakultaet-edited-768x534.png 768w, https:\/\/ardakarasu.com\/wp-content\/uploads\/2022\/05\/fakultaet-edited.png 1059w\" sizes=\"auto, (max-width: 1024px) 100vw, 1024px\" \/><\/a><figcaption>Fakult\u00e4tsgeb\u00e4ude<\/figcaption><\/figure>\n\n\n\n<figure class=\"wp-block-image size-full\"><a href=\"http:\/\/ardakarasu.com\/home\/?page_id=64\"><img loading=\"lazy\" decoding=\"async\" width=\"805\" height=\"466\" src=\"http:\/\/ardakarasu.com\/home\/wp-content\/uploads\/2022\/05\/fachhochschule-edited-1.png\" alt=\"\" class=\"wp-image-189\" srcset=\"https:\/\/ardakarasu.com\/wp-content\/uploads\/2022\/05\/fachhochschule-edited-1.png 805w, https:\/\/ardakarasu.com\/wp-content\/uploads\/2022\/05\/fachhochschule-edited-1-300x174.png 300w, https:\/\/ardakarasu.com\/wp-content\/uploads\/2022\/05\/fachhochschule-edited-1-768x445.png 768w\" sizes=\"auto, (max-width: 805px) 100vw, 805px\" \/><\/a><figcaption>Berufsschule<\/figcaption><\/figure>\n\n\n\n<figure class=\"wp-block-image size-full\"><a href=\"http:\/\/ardakarasu.com\/home\/?page_id=65\"><img loading=\"lazy\" decoding=\"async\" width=\"800\" height=\"532\" src=\"http:\/\/ardakarasu.com\/home\/wp-content\/uploads\/2022\/08\/pavillon-edited-2.png\" alt=\"\" class=\"wp-image-314\" srcset=\"https:\/\/ardakarasu.com\/wp-content\/uploads\/2022\/08\/pavillon-edited-2.png 800w, https:\/\/ardakarasu.com\/wp-content\/uploads\/2022\/08\/pavillon-edited-2-300x200.png 300w, https:\/\/ardakarasu.com\/wp-content\/uploads\/2022\/08\/pavillon-edited-2-768x511.png 768w\" sizes=\"auto, (max-width: 800px) 100vw, 800px\" \/><\/a><figcaption>Forschungspavillon<\/figcaption><\/figure>\n\n\n\n<figure class=\"wp-block-image size-large\"><a href=\"http:\/\/ardakarasu.com\/home\/?page_id=66\"><img loading=\"lazy\" decoding=\"async\" width=\"1024\" height=\"441\" src=\"http:\/\/ardakarasu.com\/home\/wp-content\/uploads\/2022\/05\/sivas-004-1024x441.png\" alt=\"\" class=\"wp-image-178\" srcset=\"https:\/\/ardakarasu.com\/wp-content\/uploads\/2022\/05\/sivas-004-1024x441.png 1024w, https:\/\/ardakarasu.com\/wp-content\/uploads\/2022\/05\/sivas-004-300x129.png 300w, https:\/\/ardakarasu.com\/wp-content\/uploads\/2022\/05\/sivas-004-768x331.png 768w, https:\/\/ardakarasu.com\/wp-content\/uploads\/2022\/05\/sivas-004-1536x661.png 1536w, https:\/\/ardakarasu.com\/wp-content\/uploads\/2022\/05\/sivas-004-1200x516.png 1200w, https:\/\/ardakarasu.com\/wp-content\/uploads\/2022\/05\/sivas-004.png 1759w\" sizes=\"auto, (max-width: 1024px) 100vw, 1024px\" \/><\/a><figcaption>Hotel<\/figcaption><\/figure>\n\n\n\n<figure class=\"wp-block-image size-large\"><a href=\"http:\/\/ardakarasu.com\/home\/?page_id=67\"><img loading=\"lazy\" decoding=\"async\" width=\"1024\" height=\"590\" src=\"http:\/\/ardakarasu.com\/home\/wp-content\/uploads\/2022\/05\/townhouse-plan-edited-1024x590.png\" alt=\"\" class=\"wp-image-187\" srcset=\"https:\/\/ardakarasu.com\/wp-content\/uploads\/2022\/05\/townhouse-plan-edited-1024x590.png 1024w, https:\/\/ardakarasu.com\/wp-content\/uploads\/2022\/05\/townhouse-plan-edited-300x173.png 300w, https:\/\/ardakarasu.com\/wp-content\/uploads\/2022\/05\/townhouse-plan-edited-768x443.png 768w, https:\/\/ardakarasu.com\/wp-content\/uploads\/2022\/05\/townhouse-plan-edited.png 1065w\" sizes=\"auto, (max-width: 1024px) 100vw, 1024px\" \/><\/a><figcaption>Townhouse<\/figcaption><\/figure>\n\n\n\n<figure class=\"wp-block-image size-full\"><img loading=\"lazy\" decoding=\"async\" width=\"636\" height=\"424\" src=\"http:\/\/ardakarasu.com\/home\/wp-content\/uploads\/2022\/08\/belediye-edited.png\" alt=\"\" class=\"wp-image-311\" srcset=\"https:\/\/ardakarasu.com\/wp-content\/uploads\/2022\/08\/belediye-edited.png 636w, https:\/\/ardakarasu.com\/wp-content\/uploads\/2022\/08\/belediye-edited-300x200.png 300w\" sizes=\"auto, (max-width: 636px) 100vw, 636px\" \/><\/figure>\n","protected":false},"excerpt":{"rendered":"<p>Nachhaltige L\u00f6sungen f\u00fcr \u00f6kologische und klimatische Herausforderungen zu erarbeiten, ist ein wichtiger Bestandteil der Arbeit eines Architekten.Nach dieser Devise wurden s\u00e4mtliche Geb\u00e4ude mit KooperationspartnerInnen geplant und gebaut.Die Hauptaufgaben waren dabei unter anderem die nachhaltige Planung und energetische Konzeption des jeweiligen Geb\u00e4udes. F\u00fcr die komfortable Nutzung eines Geb\u00e4udes w\u00e4hrend des gesamten Lebenszyklus m\u00fcssen geb\u00e4udetechnikrelevante Aspekte exakt [&hellip;]<\/p>\n","protected":false},"author":1,"featured_media":0,"parent":0,"menu_order":0,"comment_status":"closed","ping_status":"closed","template":"","meta":{"footnotes":""},"class_list":["post-171","page","type-page","status-publish","hentry"],"_links":{"self":[{"href":"https:\/\/ardakarasu.com\/index.php?rest_route=\/wp\/v2\/pages\/171","targetHints":{"allow":["GET"]}}],"collection":[{"href":"https:\/\/ardakarasu.com\/index.php?rest_route=\/wp\/v2\/pages"}],"about":[{"href":"https:\/\/ardakarasu.com\/index.php?rest_route=\/wp\/v2\/types\/page"}],"author":[{"embeddable":true,"href":"https:\/\/ardakarasu.com\/index.php?rest_route=\/wp\/v2\/users\/1"}],"replies":[{"embeddable":true,"href":"https:\/\/ardakarasu.com\/index.php?rest_route=%2Fwp%2Fv2%2Fcomments&post=171"}],"version-history":[{"count":8,"href":"https:\/\/ardakarasu.com\/index.php?rest_route=\/wp\/v2\/pages\/171\/revisions"}],"predecessor-version":[{"id":315,"href":"https:\/\/ardakarasu.com\/index.php?rest_route=\/wp\/v2\/pages\/171\/revisions\/315"}],"wp:attachment":[{"href":"https:\/\/ardakarasu.com\/index.php?rest_route=%2Fwp%2Fv2%2Fmedia&parent=171"}],"curies":[{"name":"wp","href":"https:\/\/api.w.org\/{rel}","templated":true}]}}